{"id":458,"date":"2024-02-13T11:25:35","date_gmt":"2024-02-13T09:25:35","guid":{"rendered":"https:\/\/www.miamicarhire.com\/est-tren-malaga-renfe"},"modified":"2024-03-15T14:05:49","modified_gmt":"2024-03-15T12:05:49","slug":"est-tren-malaga-renfe","status":"publish","type":"page","link":"https:\/\/www.miamicarhire.com\/es\/coches-alquiler-estacion-tren-malaga","title":{"rendered":"Alquiler de coches barato estacion de tren malaga"},"content":{"rendered":"<section class=\"l-section wpb_row height_auto width_full\"><div class=\"l-section-h i-cf\"><div class=\"g-cols vc_row via_flex valign_middle type_default stacking_default\"><div class=\"vc_col-sm-6 wpb_column vc_column_container has_bg_color\"><div class=\"vc_column-inner us_custom_80948486\"><div class=\"wpb_wrapper\"><div class=\"w-separator size_huge\"><\/div><div class=\"wpb_text_column us_custom_a3d74c02 has_text_color\"><div class=\"wpb_wrapper\"><h1>Est. tren M\u00e1laga RENFE<\/h1>\n<\/div><\/div>[vc_custom_heading text=\u00bb\u00a1Alquila tu coche en M\u00e1laga ahora!\u00bb use_theme_fonts=\u00bbyes\u00bb css=\u00bb%7B%22default%22%3A%7B%22font-size%22%3A%2230px%22%2C%22font-weight%22%3A%22600%22%7D%7D\u00bb]<div class=\"w-separator size_huge\"><\/div><\/div><\/div><\/div><div class=\"vc_col-sm-6 wpb_column vc_column_container\"><div class=\"vc_column-inner\"><div class=\"wpb_wrapper\"><div class=\"w-separator size_small\"><\/div>[vc_raw_html css=\u00bb%7B%22default%22%3A%7B%22height%22%3A%22100%25%22%7D%7D\u00bb]JTNDaWZyYW1lJTIwdGl0bGUlM0QlMjJtb3RvciUyMiUyMHNyYyUzRCUyMmh0dHBzJTNBJTJGJTJGcmVzZXJ2YXMubWlhbWljYXJoaXJlLmNvbSUyRiUzRnNlYXJjaCUzRDElMjZhbXAlM0JpZGlvbWElM0RlcyUyMiUyMHdpZHRoJTNEJTIyMTAwJTI1JTIyJTIwaGVpZ2h0JTNEJTIyNDIwcHglMjIlMjBjbGFzcyUzRCUyMnB0LSU1QjhweCU1RCUyMiUyMGZyYW1lYm9yZGVyJTNEJTIyMCUyMiUzRSUzQyUyRmlmcmFtZSUzRQ==[\/vc_raw_html]<div class=\"w-separator size_small\"><\/div><\/div><\/div><\/div><\/div><\/div><\/section><section class=\"l-section wpb_row height_large width_custom\" style=\"--site-content-width:1600px;\"><div class=\"l-section-h i-cf\"><div class=\"g-cols vc_row via_flex valign_middle type_default stacking_default\" style=\"--additional-gap:1.5rem;\"><div class=\"vc_col-sm-12 wpb_column vc_column_container\"><div class=\"vc_column-inner\"><div class=\"wpb_wrapper\">[vc_custom_heading text=\u00bbEST. TREN M\u00c1LAGA RENFE\u00bb font_container=\u00bbtag:h2|text_align:center\u00bb use_theme_fonts=\u00bbyes\u00bb css=\u00bb%7B%22default%22%3A%7B%22font-size%22%3A%2230px%22%2C%22font-weight%22%3A%22600%22%7D%7D\u00bb]<div class=\"w-separator size_medium\"><\/div>[vc_custom_heading text=\u00bbAlquiler de coches en la estaci\u00f3n Mar\u00eda Zambrano de M\u00e1laga RENFE.\u00bb font_container=\u00bbtag:h3|text_align:left\u00bb use_theme_fonts=\u00bbyes\u00bb css=\u00bb%7B%22default%22%3A%7B%22font-size%22%3A%2230px%22%2C%22font-weight%22%3A%22600%22%7D%7D\u00bb]<div class=\"wpb_text_column us_custom_819cf935\"><div class=\"wpb_wrapper\"><p>Siempre pensando en ofrecer el mejor servicio personalizado y la mayor comodidad para nuestros clientes a la hora de alquilar coches en M\u00e1laga, en Miami Car Hire les ofertamos un trato r\u00e1pido y directo en el alquiler de coches desde la estaci\u00f3n de tren RENFE Mar\u00eda Zambrano, AVE M\u00e1laga.<\/p>\n<p>A su llegada en tren a la estaci\u00f3n, un representante de nuestra empresa de alquiler de coches en M\u00e1laga le estar\u00e1 esperando en la sala de llegadas de la estaci\u00f3n de tren, desde donde le acompa\u00f1ar\u00e1 al aparcamiento de la terminal y le entregar\u00e1 el coche de alquiler dentro del aparcamiento de la misma estaci\u00f3n, sin p\u00e9rdidas de tiempo ni inc\u00f3modos desplazamientos o traslados a otras instalaciones. Todo el proceso del alquiler del coche se realiza en la propia terminal de la estaci\u00f3n de tren y en menos de 10 minutos.<\/p>\n<p>La devoluci\u00f3n del veh\u00edculo de alquiler tambi\u00e9n se realiza en la misma estaci\u00f3n de tren RENFE M\u00e1laga; a la hora acordada previamente con el cliente, un representante de Miami Car Hire le esperar\u00e1 en el aparcamiento de la terminal para recepcionar personalmente el coche de alquiler.<\/p>\n<p>Miami Car Hire tambi\u00e9n les ofrece la posibilidad de efectuar la devoluci\u00f3n del veh\u00edculo de alquiler en el aeropuerto de M\u00e1laga o en nuestra oficina de Fuengirola sin ning\u00fan coste extra.<\/p>\n<\/div><\/div><div class=\"w-separator size_medium\"><\/div>[vc_custom_heading text=\u00bbLa estaci\u00f3n de tren &quot;Maria Zambrano&quot; Renfe de M\u00e1laga\u00bb font_container=\u00bbtag:h3|text_align:left\u00bb use_theme_fonts=\u00bbyes\u00bb css=\u00bb%7B%22default%22%3A%7B%22font-size%22%3A%2230px%22%2C%22font-weight%22%3A%22600%22%7D%7D\u00bb]<div class=\"wpb_text_column us_custom_819cf935\"><div class=\"wpb_wrapper\"><p>Como principal destino tur\u00edstico de Andaluc\u00eda, M\u00e1laga posee una estaci\u00f3n de tren de las de mayor tama\u00f1o de toda Espa\u00f1a. La Estaci\u00f3n de Tren RENFE Mar\u00eda Zambrano, que recibe su nombre en honor a la gran pensadora y fil\u00f3sofa malague\u00f1a del siglo XX, se sit\u00faa muy cerca del centro hist\u00f3rico de la ciudad y a poca distancia de la estaci\u00f3n de autobuses.<\/p>\n<p>A trav\u00e9s de las l\u00edneas de trenes convencionales RENFE o de alta velocidad AVE, recibe miles de turistas nacionales e internacionales. Tambi\u00e9n la estaci\u00f3n dispone de dos l\u00edneas de cercan\u00edas, donde los viajeros pueden conectar con las poblaciones m\u00e1s cercanas de la costa occidental y del norte de la provincia.<\/p>\n<p>Desde la privilegiada ubicaci\u00f3n donde se encuentra la estaci\u00f3n y gracias a la buena conexi\u00f3n con la red de carreteras, se puede acceder f\u00e1cilmente en su coche de alquiler a todos los destinos de la ciudad, provincia de M\u00e1laga y al resto de ciudades de Andaluc\u00eda, donde los visitantes podr\u00e1n disfrutar, entre otras cosas, del alegre y abierto trato de los malague\u00f1os y de todos los andaluces en general.<\/p>\n<\/div><\/div><\/div><\/div><\/div><\/div><\/div><\/section><section class=\"l-section wpb_row height_medium width_custom\" style=\"--site-content-width:1400px;\"><div class=\"l-section-h i-cf\"><div class=\"g-cols vc_row via_flex valign_middle type_default stacking_default\" style=\"--additional-gap:1.5rem;\"><div class=\"vc_col-sm-6 wpb_column vc_column_container\"><div class=\"vc_column-inner\"><div class=\"wpb_wrapper\"><div class=\"w-image align_none\"><div class=\"w-image-h\"><img decoding=\"async\" width=\"400\" height=\"267\" src=\"https:\/\/www.miamicarhire.com\/wp-content\/uploads\/2024\/02\/keys-hands-redu-400x267.jpg\" class=\"attachment-us_400_400 size-us_400_400\" alt=\"malaga\" loading=\"lazy\" \/><\/div><\/div><\/div><\/div><\/div><div class=\"vc_col-sm-6 wpb_column vc_column_container\"><div class=\"vc_column-inner\"><div class=\"wpb_wrapper\">[vc_custom_heading text=\u00bb\u00a1Alquila tu coche en M\u00e1laga ahora!\u00bb use_theme_fonts=\u00bbyes\u00bb css=\u00bb%7B%22default%22%3A%7B%22color%22%3A%22%234d94ff%22%2C%22font-size%22%3A%2224px%22%2C%22font-weight%22%3A%22600%22%7D%7D\u00bb]<div class=\"wpb_text_column us_custom_2dc9c880\"><div class=\"wpb_wrapper\"><p>Nuestro personal le estar\u00e1 esperando con su coche de alquiler preparado a su llegada.<\/p>\n<\/div><\/div><div class=\"w-separator size_small\"><\/div><div class=\"w-btn-wrapper align_none\"><a class=\"w-btn us-btn-style_1\" href=\"https:\/\/reservas.miamicarhire.com\/\"><span class=\"w-btn-label\">Reservar<\/span><\/a><\/div><\/div><\/div><\/div><\/div><\/div><\/section>\n","protected":false},"excerpt":{"rendered":"Est. tren M\u00e1laga RENFE [vc_custom_heading text=\"\u00a1Alquila tu coche en M\u00e1laga ahora!\" use_theme_fonts=\"yes\" css=\"%7B%22default%22%3A%7B%22font-size%22%3A%2230px%22%2C%22font-weight%22%3A%22600%22%7D%7D\"][vc_raw_html css=\"%7B%22default%22%3A%7B%22height%22%3A%22100%25%22%7D%7D\"]JTNDaWZyYW1lJTIwdGl0bGUlM0QlMjJtb3RvciUyMiUyMHNyYyUzRCUyMmh0dHBzJTNBJTJGJTJGcmVzZXJ2YXMubWlhbWljYXJoaXJlLmNvbSUyRiUzRnNlYXJjaCUzRDElMjZhbXAlM0JpZGlvbWElM0RlcyUyMiUyMHdpZHRoJTNEJTIyMTAwJTI1JTIyJTIwaGVpZ2h0JTNEJTIyNDIwcHglMjIlMjBjbGFzcyUzRCUyMnB0LSU1QjhweCU1RCUyMiUyMGZyYW1lYm9yZGVyJTNEJTIyMCUyMiUzRSUzQyUyRmlmcmFtZSUzRQ==[\/vc_raw_html][vc_custom_heading text=\"EST. TREN M\u00c1LAGA RENFE\" font_container=\"tag:h2|text_align:center\" use_theme_fonts=\"yes\" css=\"%7B%22default%22%3A%7B%22font-size%22%3A%2230px%22%2C%22font-weight%22%3A%22600%22%7D%7D\"][vc_custom_heading text=\"Alquiler de coches en la estaci\u00f3n Mar\u00eda Zambrano de M\u00e1laga RENFE.\" font_container=\"tag:h3|text_align:left\" use_theme_fonts=\"yes\" css=\"%7B%22default%22%3A%7B%22font-size%22%3A%2230px%22%2C%22font-weight%22%3A%22600%22%7D%7D\"]Siempre pensando en ofrecer el mejor servicio personalizado y la mayor comodidad para nuestros clientes a la hora de alquilar coches...","protected":false},"author":1,"featured_media":0,"parent":0,"menu_order":0,"comment_status":"closed","ping_status":"closed","template":"","meta":{"_acf_changed":false,"inline_featured_image":false,"footnotes":""},"class_list":["post-458","page","type-page","status-publish","hentry"],"acf":[],"yoast_head":"<!-- This site is optimized with the Yoast SEO plugin v27.6 - https:\/\/yoast.com\/product\/yoast-seo-wordpress\/ -->\n<title>\ud83e\udd47Car Rental in M\u00e1laga | Car rentals |Miami Car Hire<\/title>\n<meta name=\"description\" content=\"Miami Car Hire | Easy Rent a Car in Fuengirola and Malaga\" \/>\n<meta name=\"robots\" content=\"index, follow, max-snippet:-1, max-image-preview:large, max-video-preview:-1\" \/>\n<link rel=\"canonical\" href=\"https:\/\/www.miamicarhire.com\/es\/coches-alquiler-estacion-tren-malaga\" \/>\n<meta property=\"og:locale\" content=\"es_ES\" \/>\n<meta property=\"og:type\" content=\"article\" \/>\n<meta property=\"og:title\" content=\"\ud83e\udd47Car Rental in M\u00e1laga | Car rentals |Miami Car Hire\" \/>\n<meta property=\"og:description\" content=\"Miami Car Hire | Easy Rent a Car in Fuengirola and Malaga\" \/>\n<meta property=\"og:url\" content=\"https:\/\/www.miamicarhire.com\/es\/coches-alquiler-estacion-tren-malaga\" \/>\n<meta property=\"og:site_name\" content=\"\ud83e\udd47Car Rental in M\u00e1laga | Car rentals |Miami Car Hire\" \/>\n<meta property=\"article:modified_time\" content=\"2024-03-15T12:05:49+00:00\" \/>\n<meta name=\"twitter:card\" content=\"summary_large_image\" \/>\n<meta name=\"twitter:label1\" content=\"Tiempo de lectura\" \/>\n\t<meta name=\"twitter:data1\" content=\"3 minutos\" \/>\n<script type=\"application\/ld+json\" class=\"yoast-schema-graph\">{\"@context\":\"https:\\\/\\\/schema.org\",\"@graph\":[{\"@type\":\"WebPage\",\"@id\":\"https:\\\/\\\/www.miamicarhire.com\\\/es\\\/coches-alquiler-estacion-tren-malaga\",\"url\":\"https:\\\/\\\/www.miamicarhire.com\\\/es\\\/coches-alquiler-estacion-tren-malaga\",\"name\":\"\ud83e\udd47Car Rental in M\u00e1laga | Car rentals |Miami Car Hire\",\"isPartOf\":{\"@id\":\"https:\\\/\\\/www.miamicarhire.com\\\/es\\\/#website\"},\"datePublished\":\"2024-02-13T09:25:35+00:00\",\"dateModified\":\"2024-03-15T12:05:49+00:00\",\"description\":\"Miami Car Hire | Easy Rent a Car in Fuengirola and Malaga\",\"breadcrumb\":{\"@id\":\"https:\\\/\\\/www.miamicarhire.com\\\/es\\\/coches-alquiler-estacion-tren-malaga#breadcrumb\"},\"inLanguage\":\"es\",\"potentialAction\":[{\"@type\":\"ReadAction\",\"target\":[\"https:\\\/\\\/www.miamicarhire.com\\\/es\\\/coches-alquiler-estacion-tren-malaga\"]}]},{\"@type\":\"BreadcrumbList\",\"@id\":\"https:\\\/\\\/www.miamicarhire.com\\\/es\\\/coches-alquiler-estacion-tren-malaga#breadcrumb\",\"itemListElement\":[{\"@type\":\"ListItem\",\"position\":1,\"name\":\"Portada\",\"item\":\"https:\\\/\\\/www.miamicarhire.com\\\/es\"},{\"@type\":\"ListItem\",\"position\":2,\"name\":\"Alquiler de coches barato estacion de tren malaga\"}]},{\"@type\":\"WebSite\",\"@id\":\"https:\\\/\\\/www.miamicarhire.com\\\/es\\\/#website\",\"url\":\"https:\\\/\\\/www.miamicarhire.com\\\/es\\\/\",\"name\":\"\ud83e\udd47Car Rental in M\u00e1laga | Cheap car rentals |Miami Car Hire\",\"description\":\"Miami Car Hire | Easy Rent a Car in Fuengirola and Malaga\",\"potentialAction\":[{\"@type\":\"SearchAction\",\"target\":{\"@type\":\"EntryPoint\",\"urlTemplate\":\"https:\\\/\\\/www.miamicarhire.com\\\/es\\\/?s={search_term_string}\"},\"query-input\":{\"@type\":\"PropertyValueSpecification\",\"valueRequired\":true,\"valueName\":\"search_term_string\"}}],\"inLanguage\":\"es\"}]}<\/script>\n<!-- \/ Yoast SEO plugin. -->","yoast_head_json":{"title":"\ud83e\udd47Car Rental in M\u00e1laga | Car rentals |Miami Car Hire","description":"Miami Car Hire | Easy Rent a Car in Fuengirola and Malaga","robots":{"index":"index","follow":"follow","max-snippet":"max-snippet:-1","max-image-preview":"max-image-preview:large","max-video-preview":"max-video-preview:-1"},"canonical":"https:\/\/www.miamicarhire.com\/es\/coches-alquiler-estacion-tren-malaga","og_locale":"es_ES","og_type":"article","og_title":"\ud83e\udd47Car Rental in M\u00e1laga | Car rentals |Miami Car Hire","og_description":"Miami Car Hire | Easy Rent a Car in Fuengirola and Malaga","og_url":"https:\/\/www.miamicarhire.com\/es\/coches-alquiler-estacion-tren-malaga","og_site_name":"\ud83e\udd47Car Rental in M\u00e1laga | Car rentals |Miami Car Hire","article_modified_time":"2024-03-15T12:05:49+00:00","twitter_card":"summary_large_image","twitter_misc":{"Tiempo de lectura":"3 minutos"},"schema":{"@context":"https:\/\/schema.org","@graph":[{"@type":"WebPage","@id":"https:\/\/www.miamicarhire.com\/es\/coches-alquiler-estacion-tren-malaga","url":"https:\/\/www.miamicarhire.com\/es\/coches-alquiler-estacion-tren-malaga","name":"\ud83e\udd47Car Rental in M\u00e1laga | Car rentals |Miami Car Hire","isPartOf":{"@id":"https:\/\/www.miamicarhire.com\/es\/#website"},"datePublished":"2024-02-13T09:25:35+00:00","dateModified":"2024-03-15T12:05:49+00:00","description":"Miami Car Hire | Easy Rent a Car in Fuengirola and Malaga","breadcrumb":{"@id":"https:\/\/www.miamicarhire.com\/es\/coches-alquiler-estacion-tren-malaga#breadcrumb"},"inLanguage":"es","potentialAction":[{"@type":"ReadAction","target":["https:\/\/www.miamicarhire.com\/es\/coches-alquiler-estacion-tren-malaga"]}]},{"@type":"BreadcrumbList","@id":"https:\/\/www.miamicarhire.com\/es\/coches-alquiler-estacion-tren-malaga#breadcrumb","itemListElement":[{"@type":"ListItem","position":1,"name":"Portada","item":"https:\/\/www.miamicarhire.com\/es"},{"@type":"ListItem","position":2,"name":"Alquiler de coches barato estacion de tren malaga"}]},{"@type":"WebSite","@id":"https:\/\/www.miamicarhire.com\/es\/#website","url":"https:\/\/www.miamicarhire.com\/es\/","name":"\ud83e\udd47Car Rental in M\u00e1laga | Cheap car rentals |Miami Car Hire","description":"Miami Car Hire | Easy Rent a Car in Fuengirola and Malaga","potentialAction":[{"@type":"SearchAction","target":{"@type":"EntryPoint","urlTemplate":"https:\/\/www.miamicarhire.com\/es\/?s={search_term_string}"},"query-input":{"@type":"PropertyValueSpecification","valueRequired":true,"valueName":"search_term_string"}}],"inLanguage":"es"}]}},"_links":{"self":[{"href":"https:\/\/www.miamicarhire.com\/es\/wp-json\/wp\/v2\/pages\/458","targetHints":{"allow":["GET"]}}],"collection":[{"href":"https:\/\/www.miamicarhire.com\/es\/wp-json\/wp\/v2\/pages"}],"about":[{"href":"https:\/\/www.miamicarhire.com\/es\/wp-json\/wp\/v2\/types\/page"}],"author":[{"embeddable":true,"href":"https:\/\/www.miamicarhire.com\/es\/wp-json\/wp\/v2\/users\/1"}],"replies":[{"embeddable":true,"href":"https:\/\/www.miamicarhire.com\/es\/wp-json\/wp\/v2\/comments?post=458"}],"version-history":[{"count":15,"href":"https:\/\/www.miamicarhire.com\/es\/wp-json\/wp\/v2\/pages\/458\/revisions"}],"predecessor-version":[{"id":1398,"href":"https:\/\/www.miamicarhire.com\/es\/wp-json\/wp\/v2\/pages\/458\/revisions\/1398"}],"wp:attachment":[{"href":"https:\/\/www.miamicarhire.com\/es\/wp-json\/wp\/v2\/media?parent=458"}],"curies":[{"name":"wp","href":"https:\/\/api.w.org\/{rel}","templated":true}]}}