{"id":23725,"date":"2026-05-03T14:19:20","date_gmt":"2026-05-03T12:19:20","guid":{"rendered":"https:\/\/www.miamicarhire.com\/?page_id=23725"},"modified":"2026-05-03T14:19:43","modified_gmt":"2026-05-03T12:19:43","slug":"alquiler-coches-torrox","status":"publish","type":"page","link":"https:\/\/www.miamicarhire.com\/es\/coches-alquiler-torrox","title":{"rendered":"Alquiler coches Torrox"},"content":{"rendered":"<section class=\"l-section wpb_row height_auto width_full\"><div class=\"l-section-h i-cf\"><div class=\"g-cols vc_row via_flex valign_middle type_default stacking_default\"><div class=\"vc_col-sm-6 wpb_column vc_column_container has_bg_color\"><div class=\"vc_column-inner us_custom_80948486\"><div class=\"wpb_wrapper\"><div class=\"w-separator size_huge\"><\/div><div class=\"wpb_text_column us_custom_a3d74c02 has_text_color\"><div class=\"wpb_wrapper\"><h1>Alquiler de coches en Torrox<\/h1>\n<\/div><\/div><div class=\"w-separator size_small\"><\/div><div class=\"wpb_text_column us_custom_d9896d7d\"><div class=\"wpb_wrapper\"><h2>Comodidad y confianza con nuestro servicio de alquiler de coches en Torrox<\/h2>\n<\/div><\/div><div class=\"wpb_text_column\"><div class=\"wpb_wrapper\"><p>Si est\u00e1s pensando en alquilar un coche en Torrox, en <a href=\"https:\/\/www.miamicarhire.com\/es\" target=\"_blank\" rel=\"noopener\">Miami Car Hire<\/a> encontrar\u00e1s un servicio cercano, flexible y adaptado a tu viaje. Contamos con atenci\u00f3n personalizada y una amplia flota de veh\u00edculos para que te muevas con total libertad por la Costa del Sol Oriental.<\/p>\n<p>Disponemos de servicio de entrega y recogida en Torrox, facilitando el acceso a tu veh\u00edculo sin complicaciones. Nos adaptamos a tus necesidades ofreci\u00e9ndote opciones c\u00f3modas tanto en la localidad como en puntos estrat\u00e9gicos cercanos, como el <a href=\"https:\/\/www.miamicarhire.com\/es\/coches-alquiler-aeropuerto-malaga\" target=\"_blank\" rel=\"noopener\">aeropuerto de M\u00e1laga<\/a>, <a href=\"https:\/\/www.miamicarhire.com\/es\/coches-alquiler-estacion-tren-malaga\" target=\"_blank\" rel=\"noopener\">estaci\u00f3n Mar\u00eda Zambrano<\/a> o el <a href=\"https:\/\/www.miamicarhire.com\/es\/coches-alquiler-puerto-malaga\" target=\"_blank\" rel=\"noopener\">puerto<\/a>. Nuestro objetivo es que empieces tu viaje sin esperas ni gestiones innecesarias.<\/p>\n<\/div><\/div><div class=\"w-separator size_huge\"><\/div><\/div><\/div><\/div><div class=\"vc_col-sm-6 wpb_column vc_column_container\"><div class=\"vc_column-inner\"><div class=\"wpb_wrapper\"><div class=\"w-separator size_small\"><\/div>[vc_raw_html css=\u00bb%7B%22default%22%3A%7B%22height%22%3A%22100%25%22%7D%7D\u00bb]JTNDaWZyYW1lJTIwdGl0bGUlM0QlMjJtb3RvciUyMiUyMHNyYyUzRCUyMmh0dHBzJTNBJTJGJTJGcmVzZXJ2YXMubWlhbWljYXJoaXJlLmNvbSUyRiUzRnNlYXJjaCUzRDElMjZhbXAlM0JpZGlvbWElM0RlcyUyMiUyMHdpZHRoJTNEJTIyMTAwJTI1JTIyJTIwaGVpZ2h0JTNEJTIyNDIwcHglMjIlMjBjbGFzcyUzRCUyMnB0LSU1QjhweCU1RCUyMiUyMGZyYW1lYm9yZGVyJTNEJTIyMCUyMiUzRSUzQyUyRmlmcmFtZSUzRQ==[\/vc_raw_html]<div class=\"w-separator size_small\"><\/div><\/div><\/div><\/div><\/div><\/div><\/section><section class=\"l-section wpb_row height_large width_custom\" style=\"--site-content-width:1600px;\"><div class=\"l-section-h i-cf\"><div class=\"g-cols vc_row via_flex valign_middle type_default stacking_default\" style=\"--additional-gap:1.5rem;\"><div class=\"vc_col-sm-6 wpb_column vc_column_container\"><div class=\"vc_column-inner\"><div class=\"wpb_wrapper\">[vc_custom_heading text=\u00bbVentajas de alquilar tu coche con nosotros\u00bb use_theme_fonts=\u00bbyes\u00bb css=\u00bb%7B%22default%22%3A%7B%22color%22%3A%22%234d94ff%22%2C%22font-size%22%3A%2224px%22%2C%22font-weight%22%3A%22600%22%7D%7D\u00bb]<div class=\"wpb_text_column us_custom_819cf935\"><div class=\"wpb_wrapper\"><p>Al elegir Miami Car Hire para tu alquiler de coche en Torrox, disfrutar\u00e1s de condiciones pensadas para tu tranquilidad:<\/p>\n<ul>\n<li>Seguro a todo riesgo incluido<\/li>\n<li>Asistencia en carretera 24 horas<\/li>\n<li>Kilometraje ilimitado<\/li>\n<li>Segundo conductor sin coste adicional<\/li>\n<li>Pol\u00edtica de combustible transparente<\/li>\n<\/ul>\n<p>Todo ello sin sorpresas ni cargos ocultos, para que solo te preocupes de disfrutar del viaje.<\/p>\n<\/div><\/div><\/div><\/div><\/div><div class=\"vc_col-sm-6 wpb_column vc_column_container\"><div class=\"vc_column-inner\"><div class=\"wpb_wrapper\"><div class=\"w-image align_center\"><div class=\"w-image-h\"><img decoding=\"async\" width=\"500\" height=\"500\" src=\"https:\/\/www.miamicarhire.com\/wp-content\/uploads\/2024\/02\/fgmeet-11.svg\" class=\"attachment-us_500_500 size-us_500_500\" alt=\"meet\" loading=\"lazy\" \/><\/div><\/div><\/div><\/div><\/div><\/div><\/div><\/section><section class=\"l-section wpb_row us_custom_0d15be52 height_large width_custom\" style=\"--site-content-width:1600px;\"><div class=\"l-section-h i-cf\"><div class=\"g-cols vc_row via_flex valign_middle type_default stacking_default\" style=\"--additional-gap:1.5rem;\"><div class=\"vc_col-sm-6 wpb_column vc_column_container\"><div class=\"vc_column-inner\"><div class=\"wpb_wrapper\"><div class=\"w-image align_center\"><div class=\"w-image-h\"><img decoding=\"async\" width=\"500\" height=\"500\" src=\"https:\/\/www.miamicarhire.com\/wp-content\/uploads\/2024\/02\/08.svg\" class=\"attachment-us_500_500 size-us_500_500\" alt=\"meet\" loading=\"lazy\" \/><\/div><\/div><\/div><\/div><\/div><div class=\"vc_col-sm-6 wpb_column vc_column_container\"><div class=\"vc_column-inner\"><div class=\"wpb_wrapper\">[vc_custom_heading text=\u00bbDescubre Torrox y la Axarqu\u00eda a tu ritmo\u00bb use_theme_fonts=\u00bbyes\u00bb css=\u00bb%7B%22default%22%3A%7B%22color%22%3A%22%234d94ff%22%2C%22font-size%22%3A%2224px%22%2C%22font-weight%22%3A%22600%22%7D%7D\u00bb]<div class=\"wpb_text_column us_custom_819cf935\"><div class=\"wpb_wrapper\"><p>Torrox es conocido por tener uno de los mejores climas de Europa, lo que lo convierte en un destino ideal durante todo el a\u00f1o. Sus playas tranquilas, su paseo mar\u00edtimo y el encanto de Torrox Pueblo, con sus calles blancas y vistas al Mediterr\u00e1neo, hacen de esta zona un lugar \u00fanico. Adem\u00e1s, alquilar un coche te permitir\u00e1 explorar f\u00e1cilmente otros puntos cercanos como Nerja, Frigiliana o los paisajes naturales del interior de la Axarqu\u00eda.<\/p>\n<\/div><\/div><\/div><\/div><\/div><\/div><\/div><\/section><section class=\"l-section wpb_row height_medium width_custom\" style=\"--site-content-width:1400px;\"><div class=\"l-section-h i-cf\"><div class=\"g-cols vc_row via_flex valign_middle type_default stacking_default\" style=\"--additional-gap:1.5rem;\"><div class=\"vc_col-sm-6 wpb_column vc_column_container\"><div class=\"vc_column-inner\"><div class=\"wpb_wrapper\"><div class=\"w-image align_none\"><div class=\"w-image-h\"><img decoding=\"async\" width=\"400\" height=\"267\" src=\"https:\/\/www.miamicarhire.com\/wp-content\/uploads\/2024\/02\/keys-hands-redu-400x267.jpg\" class=\"attachment-us_400_400 size-us_400_400\" alt=\"malaga\" loading=\"lazy\" \/><\/div><\/div><\/div><\/div><\/div><div class=\"vc_col-sm-6 wpb_column vc_column_container\"><div class=\"vc_column-inner\"><div class=\"wpb_wrapper\">[vc_custom_heading text=\u00bbTu coche listo para empezar el viaje\u00bb use_theme_fonts=\u00bbyes\u00bb css=\u00bb%7B%22default%22%3A%7B%22color%22%3A%22%234d94ff%22%2C%22font-size%22%3A%2224px%22%2C%22font-weight%22%3A%22600%22%7D%7D\u00bb]<div class=\"wpb_text_column us_custom_2dc9c880\"><div class=\"wpb_wrapper\"><p>En Miami Car Hire nos aseguramos de que tu coche de alquiler en Torrox est\u00e9 preparado cuando lo necesites. Nuestro equipo se encarga de que todo est\u00e9 listo para que comiences tu experiencia sin contratiempos.<\/p>\n<p>Reserva con nosotros y disfruta de un servicio fiable, c\u00f3modo y pensado para que aproveches al m\u00e1ximo tu estancia en la Costa del Sol.<\/p>\n<\/div><\/div><div class=\"w-separator size_small\"><\/div><div class=\"w-btn-wrapper align_none\"><a class=\"w-btn us-btn-style_1\" href=\"https:\/\/reservas.miamicarhire.com\/\"><span class=\"w-btn-label\">Reservar<\/span><\/a><\/div><\/div><\/div><\/div><\/div><\/div><\/section>\n","protected":false},"excerpt":{"rendered":"Alquiler de coches en Torrox Comodidad y confianza con nuestro servicio de alquiler de coches en Torrox Si est\u00e1s pensando en alquilar un coche en Torrox, en Miami Car Hire encontrar\u00e1s un servicio cercano, flexible y adaptado a tu viaje. Contamos con atenci\u00f3n personalizada y una amplia flota de veh\u00edculos para que te muevas con...","protected":false},"author":1,"featured_media":20695,"parent":0,"menu_order":0,"comment_status":"closed","ping_status":"closed","template":"","meta":{"_acf_changed":false,"inline_featured_image":false,"footnotes":""},"class_list":["post-23725","page","type-page","status-publish","has-post-thumbnail","hentry"],"acf":[],"yoast_head":"<!-- This site is optimized with the Yoast SEO plugin v27.5 - https:\/\/yoast.com\/product\/yoast-seo-wordpress\/ -->\n<title>Alquiler coches Torrox | Miami Car Hire<\/title>\n<meta name=\"description\" content=\"Alquiler coches Torrox con Miami Car Hire: servicio r\u00e1pido, seguro y al mejor precio. Reserva hoy y mu\u00e9vete con total libertad.\" \/>\n<meta name=\"robots\" content=\"index, follow, max-snippet:-1, max-image-preview:large, max-video-preview:-1\" \/>\n<link rel=\"canonical\" href=\"https:\/\/www.miamicarhire.com\/es\/coches-alquiler-fuengirola\" \/>\n<meta property=\"og:locale\" content=\"es_ES\" \/>\n<meta property=\"og:type\" content=\"article\" \/>\n<meta property=\"og:title\" content=\"Alquiler coches Torrox | Miami Car Hire\" \/>\n<meta property=\"og:description\" content=\"Alquiler coches Torrox con Miami Car Hire: servicio r\u00e1pido, seguro y al mejor precio. Reserva hoy y mu\u00e9vete con total libertad.\" \/>\n<meta property=\"og:url\" content=\"https:\/\/www.miamicarhire.com\/es\/coches-alquiler-fuengirola\" \/>\n<meta property=\"og:site_name\" content=\"\ud83e\udd47Car Rental in M\u00e1laga | Car rentals |Miami Car Hire\" \/>\n<meta property=\"article:modified_time\" content=\"2026-05-03T12:19:43+00:00\" \/>\n<meta property=\"og:image\" content=\"https:\/\/www.miamicarhire.com\/wp-content\/uploads\/2026\/02\/handsome-elegant-man-car-salon-1-scaled.jpg\" \/>\n\t<meta property=\"og:image:width\" content=\"1920\" \/>\n\t<meta property=\"og:image:height\" content=\"1281\" \/>\n\t<meta property=\"og:image:type\" content=\"image\/jpeg\" \/>\n<meta name=\"twitter:card\" content=\"summary_large_image\" \/>\n<meta name=\"twitter:label1\" content=\"Tiempo de lectura\" \/>\n\t<meta name=\"twitter:data1\" content=\"2 minutos\" \/>\n<script type=\"application\/ld+json\" class=\"yoast-schema-graph\">{\"@context\":\"https:\\\/\\\/schema.org\",\"@graph\":[{\"@type\":\"WebPage\",\"@id\":\"https:\\\/\\\/www.miamicarhire.com\\\/es\\\/coches-alquiler-torrox\",\"url\":\"https:\\\/\\\/www.miamicarhire.com\\\/es\\\/coches-alquiler-fuengirola\",\"name\":\"Alquiler coches Torrox | Miami Car Hire\",\"isPartOf\":{\"@id\":\"https:\\\/\\\/www.miamicarhire.com\\\/es\\\/#website\"},\"primaryImageOfPage\":{\"@id\":\"https:\\\/\\\/www.miamicarhire.com\\\/es\\\/coches-alquiler-fuengirola#primaryimage\"},\"image\":{\"@id\":\"https:\\\/\\\/www.miamicarhire.com\\\/es\\\/coches-alquiler-fuengirola#primaryimage\"},\"thumbnailUrl\":\"https:\\\/\\\/www.miamicarhire.com\\\/wp-content\\\/uploads\\\/2026\\\/02\\\/handsome-elegant-man-car-salon-1-scaled.jpg\",\"datePublished\":\"2026-05-03T12:19:20+00:00\",\"dateModified\":\"2026-05-03T12:19:43+00:00\",\"description\":\"Alquiler coches Torrox con Miami Car Hire: servicio r\u00e1pido, seguro y al mejor precio. Reserva hoy y mu\u00e9vete con total libertad.\",\"breadcrumb\":{\"@id\":\"https:\\\/\\\/www.miamicarhire.com\\\/es\\\/coches-alquiler-fuengirola#breadcrumb\"},\"inLanguage\":\"es\",\"potentialAction\":[{\"@type\":\"ReadAction\",\"target\":[\"https:\\\/\\\/www.miamicarhire.com\\\/es\\\/coches-alquiler-fuengirola\"]}]},{\"@type\":\"ImageObject\",\"inLanguage\":\"es\",\"@id\":\"https:\\\/\\\/www.miamicarhire.com\\\/es\\\/coches-alquiler-fuengirola#primaryimage\",\"url\":\"https:\\\/\\\/www.miamicarhire.com\\\/wp-content\\\/uploads\\\/2026\\\/02\\\/handsome-elegant-man-car-salon-1-scaled.jpg\",\"contentUrl\":\"https:\\\/\\\/www.miamicarhire.com\\\/wp-content\\\/uploads\\\/2026\\\/02\\\/handsome-elegant-man-car-salon-1-scaled.jpg\",\"width\":1920,\"height\":1281,\"caption\":\"coches de alquiler en mijas\"},{\"@type\":\"BreadcrumbList\",\"@id\":\"https:\\\/\\\/www.miamicarhire.com\\\/es\\\/coches-alquiler-fuengirola#breadcrumb\",\"itemListElement\":[{\"@type\":\"ListItem\",\"position\":1,\"name\":\"Portada\",\"item\":\"https:\\\/\\\/www.miamicarhire.com\\\/es\"},{\"@type\":\"ListItem\",\"position\":2,\"name\":\"Alquiler coches Torrox\"}]},{\"@type\":\"WebSite\",\"@id\":\"https:\\\/\\\/www.miamicarhire.com\\\/es\\\/#website\",\"url\":\"https:\\\/\\\/www.miamicarhire.com\\\/es\\\/\",\"name\":\"\ud83e\udd47Car Rental in M\u00e1laga | Cheap car rentals |Miami Car Hire\",\"description\":\"Miami Car Hire | Easy Rent a Car in Fuengirola and Malaga\",\"potentialAction\":[{\"@type\":\"SearchAction\",\"target\":{\"@type\":\"EntryPoint\",\"urlTemplate\":\"https:\\\/\\\/www.miamicarhire.com\\\/es\\\/?s={search_term_string}\"},\"query-input\":{\"@type\":\"PropertyValueSpecification\",\"valueRequired\":true,\"valueName\":\"search_term_string\"}}],\"inLanguage\":\"es\"}]}<\/script>\n<!-- \/ Yoast SEO plugin. -->","yoast_head_json":{"title":"Alquiler coches Torrox | Miami Car Hire","description":"Alquiler coches Torrox con Miami Car Hire: servicio r\u00e1pido, seguro y al mejor precio. Reserva hoy y mu\u00e9vete con total libertad.","robots":{"index":"index","follow":"follow","max-snippet":"max-snippet:-1","max-image-preview":"max-image-preview:large","max-video-preview":"max-video-preview:-1"},"canonical":"https:\/\/www.miamicarhire.com\/es\/coches-alquiler-fuengirola","og_locale":"es_ES","og_type":"article","og_title":"Alquiler coches Torrox | Miami Car Hire","og_description":"Alquiler coches Torrox con Miami Car Hire: servicio r\u00e1pido, seguro y al mejor precio. Reserva hoy y mu\u00e9vete con total libertad.","og_url":"https:\/\/www.miamicarhire.com\/es\/coches-alquiler-fuengirola","og_site_name":"\ud83e\udd47Car Rental in M\u00e1laga | Car rentals |Miami Car Hire","article_modified_time":"2026-05-03T12:19:43+00:00","og_image":[{"width":1920,"height":1281,"url":"https:\/\/www.miamicarhire.com\/wp-content\/uploads\/2026\/02\/handsome-elegant-man-car-salon-1-scaled.jpg","type":"image\/jpeg"}],"twitter_card":"summary_large_image","twitter_misc":{"Tiempo de lectura":"2 minutos"},"schema":{"@context":"https:\/\/schema.org","@graph":[{"@type":"WebPage","@id":"https:\/\/www.miamicarhire.com\/es\/coches-alquiler-torrox","url":"https:\/\/www.miamicarhire.com\/es\/coches-alquiler-fuengirola","name":"Alquiler coches Torrox | Miami Car Hire","isPartOf":{"@id":"https:\/\/www.miamicarhire.com\/es\/#website"},"primaryImageOfPage":{"@id":"https:\/\/www.miamicarhire.com\/es\/coches-alquiler-fuengirola#primaryimage"},"image":{"@id":"https:\/\/www.miamicarhire.com\/es\/coches-alquiler-fuengirola#primaryimage"},"thumbnailUrl":"https:\/\/www.miamicarhire.com\/wp-content\/uploads\/2026\/02\/handsome-elegant-man-car-salon-1-scaled.jpg","datePublished":"2026-05-03T12:19:20+00:00","dateModified":"2026-05-03T12:19:43+00:00","description":"Alquiler coches Torrox con Miami Car Hire: servicio r\u00e1pido, seguro y al mejor precio. Reserva hoy y mu\u00e9vete con total libertad.","breadcrumb":{"@id":"https:\/\/www.miamicarhire.com\/es\/coches-alquiler-fuengirola#breadcrumb"},"inLanguage":"es","potentialAction":[{"@type":"ReadAction","target":["https:\/\/www.miamicarhire.com\/es\/coches-alquiler-fuengirola"]}]},{"@type":"ImageObject","inLanguage":"es","@id":"https:\/\/www.miamicarhire.com\/es\/coches-alquiler-fuengirola#primaryimage","url":"https:\/\/www.miamicarhire.com\/wp-content\/uploads\/2026\/02\/handsome-elegant-man-car-salon-1-scaled.jpg","contentUrl":"https:\/\/www.miamicarhire.com\/wp-content\/uploads\/2026\/02\/handsome-elegant-man-car-salon-1-scaled.jpg","width":1920,"height":1281,"caption":"coches de alquiler en mijas"},{"@type":"BreadcrumbList","@id":"https:\/\/www.miamicarhire.com\/es\/coches-alquiler-fuengirola#breadcrumb","itemListElement":[{"@type":"ListItem","position":1,"name":"Portada","item":"https:\/\/www.miamicarhire.com\/es"},{"@type":"ListItem","position":2,"name":"Alquiler coches Torrox"}]},{"@type":"WebSite","@id":"https:\/\/www.miamicarhire.com\/es\/#website","url":"https:\/\/www.miamicarhire.com\/es\/","name":"\ud83e\udd47Car Rental in M\u00e1laga | Cheap car rentals |Miami Car Hire","description":"Miami Car Hire | Easy Rent a Car in Fuengirola and Malaga","potentialAction":[{"@type":"SearchAction","target":{"@type":"EntryPoint","urlTemplate":"https:\/\/www.miamicarhire.com\/es\/?s={search_term_string}"},"query-input":{"@type":"PropertyValueSpecification","valueRequired":true,"valueName":"search_term_string"}}],"inLanguage":"es"}]}},"_links":{"self":[{"href":"https:\/\/www.miamicarhire.com\/es\/wp-json\/wp\/v2\/pages\/23725","targetHints":{"allow":["GET"]}}],"collection":[{"href":"https:\/\/www.miamicarhire.com\/es\/wp-json\/wp\/v2\/pages"}],"about":[{"href":"https:\/\/www.miamicarhire.com\/es\/wp-json\/wp\/v2\/types\/page"}],"author":[{"embeddable":true,"href":"https:\/\/www.miamicarhire.com\/es\/wp-json\/wp\/v2\/users\/1"}],"replies":[{"embeddable":true,"href":"https:\/\/www.miamicarhire.com\/es\/wp-json\/wp\/v2\/comments?post=23725"}],"version-history":[{"count":1,"href":"https:\/\/www.miamicarhire.com\/es\/wp-json\/wp\/v2\/pages\/23725\/revisions"}],"predecessor-version":[{"id":23732,"href":"https:\/\/www.miamicarhire.com\/es\/wp-json\/wp\/v2\/pages\/23725\/revisions\/23732"}],"wp:featuredmedia":[{"embeddable":true,"href":"https:\/\/www.miamicarhire.com\/es\/wp-json\/wp\/v2\/media\/20695"}],"wp:attachment":[{"href":"https:\/\/www.miamicarhire.com\/es\/wp-json\/wp\/v2\/media?parent=23725"}],"curies":[{"name":"wp","href":"https:\/\/api.w.org\/{rel}","templated":true}]}}