{"id":21267,"date":"2026-03-30T21:18:59","date_gmt":"2026-03-30T19:18:59","guid":{"rendered":"https:\/\/www.miamicarhire.com\/?page_id=21267"},"modified":"2026-03-30T21:19:38","modified_gmt":"2026-03-30T19:19:38","slug":"coches-alquiler-estepona","status":"publish","type":"page","link":"https:\/\/www.miamicarhire.com\/es\/coches-alquiler-estepona","title":{"rendered":"Alquiler coches Estepona"},"content":{"rendered":"<section class=\"l-section wpb_row height_auto width_full\"><div class=\"l-section-h i-cf\"><div class=\"g-cols vc_row via_flex valign_middle type_default stacking_default\"><div class=\"vc_col-sm-6 wpb_column vc_column_container has_bg_color\"><div class=\"vc_column-inner us_custom_80948486\"><div class=\"wpb_wrapper\"><div class=\"w-separator size_huge\"><\/div><div class=\"wpb_text_column us_custom_a3d74c02 has_text_color\"><div class=\"wpb_wrapper\"><h1>Alquiler de coches en Estepona<\/h1>\n<\/div><\/div><div class=\"w-separator size_small\"><\/div><div class=\"wpb_text_column us_custom_d9896d7d\"><div class=\"wpb_wrapper\"><h2>Ventajas de elegir nuestro servicio en Estepona<\/h2>\n<\/div><\/div><div class=\"wpb_text_column\"><div class=\"wpb_wrapper\"><p>Si est\u00e1s buscando alquilar un coche en Estepona, <a href=\"https:\/\/www.miamicarhire.com\/es\/\" target=\"_blank\" rel=\"noopener\">Miami Car Hire<\/a> te lo pone f\u00e1cil. Nuestra atenci\u00f3n se centra en ofrecer un servicio \u00e1gil y c\u00f3modo en una de las zonas m\u00e1s demandadas de la Costa del Sol. Estepona, con su encanto mediterr\u00e1neo y excelente conexi\u00f3n con otras localidades, es el punto perfecto para comenzar tu viaje.<\/p>\n<p>Contamos con una amplia flota de veh\u00edculos adaptados a todo tipo de necesidades, desde coches econ\u00f3micos hasta modelos familiares o premium. Todos nuestros alquileres incluyen cobertura completa sin franquicia, asistencia en carretera las 24 horas, kilometraje ilimitado y la posibilidad de a\u00f1adir conductor adicional sin coste extra. Adem\u00e1s, trabajamos con una pol\u00edtica de combustible clara y sin sorpresas.<\/p>\n<\/div><\/div><div class=\"w-separator size_huge\"><\/div><\/div><\/div><\/div><div class=\"vc_col-sm-6 wpb_column vc_column_container\"><div class=\"vc_column-inner\"><div class=\"wpb_wrapper\"><div class=\"w-separator size_small\"><\/div>[vc_raw_html css=\u00bb%7B%22default%22%3A%7B%22height%22%3A%22100%25%22%7D%7D\u00bb]JTNDaWZyYW1lJTIwdGl0bGUlM0QlMjJtb3RvciUyMiUyMHNyYyUzRCUyMmh0dHBzJTNBJTJGJTJGcmVzZXJ2YXMubWlhbWljYXJoaXJlLmNvbSUyRiUzRnNlYXJjaCUzRDElMjZhbXAlM0JpZGlvbWElM0RlcyUyMiUyMHdpZHRoJTNEJTIyMTAwJTI1JTIyJTIwaGVpZ2h0JTNEJTIyNDIwcHglMjIlMjBjbGFzcyUzRCUyMnB0LSU1QjhweCU1RCUyMiUyMGZyYW1lYm9yZGVyJTNEJTIyMCUyMiUzRSUzQyUyRmlmcmFtZSUzRQ==[\/vc_raw_html]<div class=\"w-separator size_small\"><\/div><\/div><\/div><\/div><\/div><\/div><\/section><section class=\"l-section wpb_row height_large width_custom\" style=\"--site-content-width:1600px;\"><div class=\"l-section-h i-cf\"><div class=\"g-cols vc_row via_flex valign_middle type_default stacking_default\" style=\"--additional-gap:1.5rem;\"><div class=\"vc_col-sm-6 wpb_column vc_column_container\"><div class=\"vc_column-inner\"><div class=\"wpb_wrapper\">[vc_custom_heading text=\u00bbRecogida y entrega flexible sin complicaciones\u00bb use_theme_fonts=\u00bbyes\u00bb css=\u00bb%7B%22default%22%3A%7B%22color%22%3A%22%234d94ff%22%2C%22font-size%22%3A%2224px%22%2C%22font-weight%22%3A%22600%22%7D%7D\u00bb]<div class=\"wpb_text_column us_custom_819cf935\"><div class=\"wpb_wrapper\"><p>Para tu mayor comodidad, ofrecemos entrega y devoluci\u00f3n del veh\u00edculo en diferentes puntos clave sin cargos adicionales. Puedes recibir tu coche en el <a href=\"https:\/\/www.miamicarhire.com\/es\/coches-alquiler-aeropuerto-malaga\" target=\"_blank\" rel=\"noopener\">Aeropuerto de M\u00e1laga<\/a>, en la <a href=\"https:\/\/www.miamicarhire.com\/es\/coches-alquiler-estacion-tren-malaga\" target=\"_blank\" rel=\"noopener\">estaci\u00f3n de tren Mar\u00eda Zambrano<\/a> o incluso en el <a href=\"https:\/\/www.miamicarhire.com\/es\/coches-alquiler-puerto-malaga\" target=\"_blank\" rel=\"noopener\">puerto<\/a>, facilitando as\u00ed tu llegada o salida sin preocupaciones.<\/p>\n<\/div><\/div><\/div><\/div><\/div><div class=\"vc_col-sm-6 wpb_column vc_column_container\"><div class=\"vc_column-inner\"><div class=\"wpb_wrapper\"><div class=\"w-image align_center\"><div class=\"w-image-h\"><img decoding=\"async\" width=\"500\" height=\"500\" src=\"https:\/\/www.miamicarhire.com\/wp-content\/uploads\/2024\/02\/fgmeet-11.svg\" class=\"attachment-us_500_500 size-us_500_500\" alt=\"meet\" loading=\"lazy\" \/><\/div><\/div><\/div><\/div><\/div><\/div><\/div><\/section><section class=\"l-section wpb_row us_custom_0d15be52 height_large width_custom\" style=\"--site-content-width:1600px;\"><div class=\"l-section-h i-cf\"><div class=\"g-cols vc_row via_flex valign_middle type_default stacking_default\" style=\"--additional-gap:1.5rem;\"><div class=\"vc_col-sm-6 wpb_column vc_column_container\"><div class=\"vc_column-inner\"><div class=\"wpb_wrapper\"><div class=\"w-image align_center\"><div class=\"w-image-h\"><img decoding=\"async\" width=\"500\" height=\"500\" src=\"https:\/\/www.miamicarhire.com\/wp-content\/uploads\/2024\/02\/08.svg\" class=\"attachment-us_500_500 size-us_500_500\" alt=\"meet\" loading=\"lazy\" \/><\/div><\/div><\/div><\/div><\/div><div class=\"vc_col-sm-6 wpb_column vc_column_container\"><div class=\"vc_column-inner\"><div class=\"wpb_wrapper\">[vc_custom_heading text=\u00bbDescubre Estepona y sus alrededores\u00bb use_theme_fonts=\u00bbyes\u00bb css=\u00bb%7B%22default%22%3A%7B%22color%22%3A%22%234d94ff%22%2C%22font-size%22%3A%2224px%22%2C%22font-weight%22%3A%22600%22%7D%7D\u00bb]<div class=\"wpb_text_column us_custom_819cf935\"><div class=\"wpb_wrapper\"><p>Estepona destaca por su casco antiguo lleno de flores, sus playas extensas y su ambiente relajado. Es un destino ideal tanto para escapadas en pareja como para vacaciones en familia. Lugares como el Orquidario de Estepona, el Puerto Deportivo o la ruta de murales art\u00edsticos hacen de esta ciudad una opci\u00f3n \u00fanica para explorar con total libertad.<\/p>\n<\/div><\/div><\/div><\/div><\/div><\/div><\/div><\/section><section class=\"l-section wpb_row height_medium width_custom\" style=\"--site-content-width:1400px;\"><div class=\"l-section-h i-cf\"><div class=\"g-cols vc_row via_flex valign_middle type_default stacking_default\" style=\"--additional-gap:1.5rem;\"><div class=\"vc_col-sm-6 wpb_column vc_column_container\"><div class=\"vc_column-inner\"><div class=\"wpb_wrapper\"><div class=\"w-image align_none\"><div class=\"w-image-h\"><img decoding=\"async\" width=\"400\" height=\"267\" src=\"https:\/\/www.miamicarhire.com\/wp-content\/uploads\/2024\/02\/keys-hands-redu-400x267.jpg\" class=\"attachment-us_400_400 size-us_400_400\" alt=\"malaga\" loading=\"lazy\" \/><\/div><\/div><\/div><\/div><\/div><div class=\"vc_col-sm-6 wpb_column vc_column_container\"><div class=\"vc_column-inner\"><div class=\"wpb_wrapper\">[vc_custom_heading text=\u00bbTu coche listo para empezar la aventura\u00bb use_theme_fonts=\u00bbyes\u00bb css=\u00bb%7B%22default%22%3A%7B%22color%22%3A%22%234d94ff%22%2C%22font-size%22%3A%2224px%22%2C%22font-weight%22%3A%22600%22%7D%7D\u00bb]<div class=\"wpb_text_column us_custom_2dc9c880\"><div class=\"wpb_wrapper\"><p>Nuestro equipo se encargar\u00e1 de que tu veh\u00edculo est\u00e9 preparado y listo en el momento acordado, para que solo tengas que preocuparte de disfrutar. Apostamos por un servicio r\u00e1pido, transparente y adaptado a cada cliente.<\/p>\n<p>Con Miami Car Hire tendr\u00e1s la tranquilidad de contar con una empresa con experiencia y compromiso. Empieza tu viaje por Estepona con total libertad y la mejor relaci\u00f3n calidad-precio en tu alquiler de coche.<\/p>\n<\/div><\/div><div class=\"w-separator size_small\"><\/div><div class=\"w-btn-wrapper align_none\"><a class=\"w-btn us-btn-style_1\" href=\"https:\/\/reservas.miamicarhire.com\/\"><span class=\"w-btn-label\">Reservar<\/span><\/a><\/div><\/div><\/div><\/div><\/div><\/div><\/section>\n","protected":false},"excerpt":{"rendered":"Alquiler de coches en Estepona Ventajas de elegir nuestro servicio en Estepona Si est\u00e1s buscando alquilar un coche en Estepona, Miami Car Hire te lo pone f\u00e1cil. Nuestra atenci\u00f3n se centra en ofrecer un servicio \u00e1gil y c\u00f3modo en una de las zonas m\u00e1s demandadas de la Costa del Sol. Estepona, con su encanto mediterr\u00e1neo...","protected":false},"author":1,"featured_media":20695,"parent":0,"menu_order":0,"comment_status":"closed","ping_status":"closed","template":"","meta":{"_acf_changed":false,"inline_featured_image":false,"footnotes":""},"class_list":["post-21267","page","type-page","status-publish","has-post-thumbnail","hentry"],"acf":[],"yoast_head":"<!-- This site is optimized with the Yoast SEO plugin v27.5 - https:\/\/yoast.com\/product\/yoast-seo-wordpress\/ -->\n<title>Alquiler coches Estepona | Miami Car Hire<\/title>\n<meta name=\"description\" content=\"Alquila tu coche en Estepona con Miami Car Hire: servicio r\u00e1pido, seguro y al mejor precio. Reserva hoy y mu\u00e9vete con total libertad.\" \/>\n<meta name=\"robots\" content=\"index, follow, max-snippet:-1, max-image-preview:large, max-video-preview:-1\" \/>\n<link rel=\"canonical\" href=\"https:\/\/www.miamicarhire.com\/es\/coches-alquiler-fuengirola\" \/>\n<meta property=\"og:locale\" content=\"es_ES\" \/>\n<meta property=\"og:type\" content=\"article\" \/>\n<meta property=\"og:title\" content=\"Alquiler coches Estepona | Miami Car Hire\" \/>\n<meta property=\"og:description\" content=\"Alquila tu coche en Estepona con Miami Car Hire: servicio r\u00e1pido, seguro y al mejor precio. Reserva hoy y mu\u00e9vete con total libertad.\" \/>\n<meta property=\"og:url\" content=\"https:\/\/www.miamicarhire.com\/es\/coches-alquiler-fuengirola\" \/>\n<meta property=\"og:site_name\" content=\"\ud83e\udd47Car Rental in M\u00e1laga | Car rentals |Miami Car Hire\" \/>\n<meta property=\"article:modified_time\" content=\"2026-03-30T19:19:38+00:00\" \/>\n<meta property=\"og:image\" content=\"https:\/\/www.miamicarhire.com\/wp-content\/uploads\/2026\/02\/handsome-elegant-man-car-salon-1-scaled.jpg\" \/>\n\t<meta property=\"og:image:width\" content=\"1920\" \/>\n\t<meta property=\"og:image:height\" content=\"1281\" \/>\n\t<meta property=\"og:image:type\" content=\"image\/jpeg\" \/>\n<meta name=\"twitter:card\" content=\"summary_large_image\" \/>\n<meta name=\"twitter:label1\" content=\"Tiempo de lectura\" \/>\n\t<meta name=\"twitter:data1\" content=\"2 minutos\" \/>\n<script type=\"application\/ld+json\" class=\"yoast-schema-graph\">{\"@context\":\"https:\\\/\\\/schema.org\",\"@graph\":[{\"@type\":\"WebPage\",\"@id\":\"https:\\\/\\\/www.miamicarhire.com\\\/es\\\/coches-alquiler-estepona\",\"url\":\"https:\\\/\\\/www.miamicarhire.com\\\/es\\\/coches-alquiler-fuengirola\",\"name\":\"Alquiler coches Estepona | Miami Car Hire\",\"isPartOf\":{\"@id\":\"https:\\\/\\\/www.miamicarhire.com\\\/es\\\/#website\"},\"primaryImageOfPage\":{\"@id\":\"https:\\\/\\\/www.miamicarhire.com\\\/es\\\/coches-alquiler-fuengirola#primaryimage\"},\"image\":{\"@id\":\"https:\\\/\\\/www.miamicarhire.com\\\/es\\\/coches-alquiler-fuengirola#primaryimage\"},\"thumbnailUrl\":\"https:\\\/\\\/www.miamicarhire.com\\\/wp-content\\\/uploads\\\/2026\\\/02\\\/handsome-elegant-man-car-salon-1-scaled.jpg\",\"datePublished\":\"2026-03-30T19:18:59+00:00\",\"dateModified\":\"2026-03-30T19:19:38+00:00\",\"description\":\"Alquila tu coche en Estepona con Miami Car Hire: servicio r\u00e1pido, seguro y al mejor precio. Reserva hoy y mu\u00e9vete con total libertad.\",\"breadcrumb\":{\"@id\":\"https:\\\/\\\/www.miamicarhire.com\\\/es\\\/coches-alquiler-fuengirola#breadcrumb\"},\"inLanguage\":\"es\",\"potentialAction\":[{\"@type\":\"ReadAction\",\"target\":[\"https:\\\/\\\/www.miamicarhire.com\\\/es\\\/coches-alquiler-fuengirola\"]}]},{\"@type\":\"ImageObject\",\"inLanguage\":\"es\",\"@id\":\"https:\\\/\\\/www.miamicarhire.com\\\/es\\\/coches-alquiler-fuengirola#primaryimage\",\"url\":\"https:\\\/\\\/www.miamicarhire.com\\\/wp-content\\\/uploads\\\/2026\\\/02\\\/handsome-elegant-man-car-salon-1-scaled.jpg\",\"contentUrl\":\"https:\\\/\\\/www.miamicarhire.com\\\/wp-content\\\/uploads\\\/2026\\\/02\\\/handsome-elegant-man-car-salon-1-scaled.jpg\",\"width\":1920,\"height\":1281,\"caption\":\"coches de alquiler en mijas\"},{\"@type\":\"BreadcrumbList\",\"@id\":\"https:\\\/\\\/www.miamicarhire.com\\\/es\\\/coches-alquiler-fuengirola#breadcrumb\",\"itemListElement\":[{\"@type\":\"ListItem\",\"position\":1,\"name\":\"Portada\",\"item\":\"https:\\\/\\\/www.miamicarhire.com\\\/es\"},{\"@type\":\"ListItem\",\"position\":2,\"name\":\"Alquiler coches Estepona\"}]},{\"@type\":\"WebSite\",\"@id\":\"https:\\\/\\\/www.miamicarhire.com\\\/es\\\/#website\",\"url\":\"https:\\\/\\\/www.miamicarhire.com\\\/es\\\/\",\"name\":\"\ud83e\udd47Car Rental in M\u00e1laga | Cheap car rentals |Miami Car Hire\",\"description\":\"Miami Car Hire | Easy Rent a Car in Fuengirola and Malaga\",\"potentialAction\":[{\"@type\":\"SearchAction\",\"target\":{\"@type\":\"EntryPoint\",\"urlTemplate\":\"https:\\\/\\\/www.miamicarhire.com\\\/es\\\/?s={search_term_string}\"},\"query-input\":{\"@type\":\"PropertyValueSpecification\",\"valueRequired\":true,\"valueName\":\"search_term_string\"}}],\"inLanguage\":\"es\"}]}<\/script>\n<!-- \/ Yoast SEO plugin. -->","yoast_head_json":{"title":"Alquiler coches Estepona | Miami Car Hire","description":"Alquila tu coche en Estepona con Miami Car Hire: servicio r\u00e1pido, seguro y al mejor precio. Reserva hoy y mu\u00e9vete con total libertad.","robots":{"index":"index","follow":"follow","max-snippet":"max-snippet:-1","max-image-preview":"max-image-preview:large","max-video-preview":"max-video-preview:-1"},"canonical":"https:\/\/www.miamicarhire.com\/es\/coches-alquiler-fuengirola","og_locale":"es_ES","og_type":"article","og_title":"Alquiler coches Estepona | Miami Car Hire","og_description":"Alquila tu coche en Estepona con Miami Car Hire: servicio r\u00e1pido, seguro y al mejor precio. Reserva hoy y mu\u00e9vete con total libertad.","og_url":"https:\/\/www.miamicarhire.com\/es\/coches-alquiler-fuengirola","og_site_name":"\ud83e\udd47Car Rental in M\u00e1laga | Car rentals |Miami Car Hire","article_modified_time":"2026-03-30T19:19:38+00:00","og_image":[{"width":1920,"height":1281,"url":"https:\/\/www.miamicarhire.com\/wp-content\/uploads\/2026\/02\/handsome-elegant-man-car-salon-1-scaled.jpg","type":"image\/jpeg"}],"twitter_card":"summary_large_image","twitter_misc":{"Tiempo de lectura":"2 minutos"},"schema":{"@context":"https:\/\/schema.org","@graph":[{"@type":"WebPage","@id":"https:\/\/www.miamicarhire.com\/es\/coches-alquiler-estepona","url":"https:\/\/www.miamicarhire.com\/es\/coches-alquiler-fuengirola","name":"Alquiler coches Estepona | Miami Car Hire","isPartOf":{"@id":"https:\/\/www.miamicarhire.com\/es\/#website"},"primaryImageOfPage":{"@id":"https:\/\/www.miamicarhire.com\/es\/coches-alquiler-fuengirola#primaryimage"},"image":{"@id":"https:\/\/www.miamicarhire.com\/es\/coches-alquiler-fuengirola#primaryimage"},"thumbnailUrl":"https:\/\/www.miamicarhire.com\/wp-content\/uploads\/2026\/02\/handsome-elegant-man-car-salon-1-scaled.jpg","datePublished":"2026-03-30T19:18:59+00:00","dateModified":"2026-03-30T19:19:38+00:00","description":"Alquila tu coche en Estepona con Miami Car Hire: servicio r\u00e1pido, seguro y al mejor precio. Reserva hoy y mu\u00e9vete con total libertad.","breadcrumb":{"@id":"https:\/\/www.miamicarhire.com\/es\/coches-alquiler-fuengirola#breadcrumb"},"inLanguage":"es","potentialAction":[{"@type":"ReadAction","target":["https:\/\/www.miamicarhire.com\/es\/coches-alquiler-fuengirola"]}]},{"@type":"ImageObject","inLanguage":"es","@id":"https:\/\/www.miamicarhire.com\/es\/coches-alquiler-fuengirola#primaryimage","url":"https:\/\/www.miamicarhire.com\/wp-content\/uploads\/2026\/02\/handsome-elegant-man-car-salon-1-scaled.jpg","contentUrl":"https:\/\/www.miamicarhire.com\/wp-content\/uploads\/2026\/02\/handsome-elegant-man-car-salon-1-scaled.jpg","width":1920,"height":1281,"caption":"coches de alquiler en mijas"},{"@type":"BreadcrumbList","@id":"https:\/\/www.miamicarhire.com\/es\/coches-alquiler-fuengirola#breadcrumb","itemListElement":[{"@type":"ListItem","position":1,"name":"Portada","item":"https:\/\/www.miamicarhire.com\/es"},{"@type":"ListItem","position":2,"name":"Alquiler coches Estepona"}]},{"@type":"WebSite","@id":"https:\/\/www.miamicarhire.com\/es\/#website","url":"https:\/\/www.miamicarhire.com\/es\/","name":"\ud83e\udd47Car Rental in M\u00e1laga | Cheap car rentals |Miami Car Hire","description":"Miami Car Hire | Easy Rent a Car in Fuengirola and Malaga","potentialAction":[{"@type":"SearchAction","target":{"@type":"EntryPoint","urlTemplate":"https:\/\/www.miamicarhire.com\/es\/?s={search_term_string}"},"query-input":{"@type":"PropertyValueSpecification","valueRequired":true,"valueName":"search_term_string"}}],"inLanguage":"es"}]}},"_links":{"self":[{"href":"https:\/\/www.miamicarhire.com\/es\/wp-json\/wp\/v2\/pages\/21267","targetHints":{"allow":["GET"]}}],"collection":[{"href":"https:\/\/www.miamicarhire.com\/es\/wp-json\/wp\/v2\/pages"}],"about":[{"href":"https:\/\/www.miamicarhire.com\/es\/wp-json\/wp\/v2\/types\/page"}],"author":[{"embeddable":true,"href":"https:\/\/www.miamicarhire.com\/es\/wp-json\/wp\/v2\/users\/1"}],"replies":[{"embeddable":true,"href":"https:\/\/www.miamicarhire.com\/es\/wp-json\/wp\/v2\/comments?post=21267"}],"version-history":[{"count":1,"href":"https:\/\/www.miamicarhire.com\/es\/wp-json\/wp\/v2\/pages\/21267\/revisions"}],"predecessor-version":[{"id":21274,"href":"https:\/\/www.miamicarhire.com\/es\/wp-json\/wp\/v2\/pages\/21267\/revisions\/21274"}],"wp:featuredmedia":[{"embeddable":true,"href":"https:\/\/www.miamicarhire.com\/es\/wp-json\/wp\/v2\/media\/20695"}],"wp:attachment":[{"href":"https:\/\/www.miamicarhire.com\/es\/wp-json\/wp\/v2\/media?parent=21267"}],"curies":[{"name":"wp","href":"https:\/\/api.w.org\/{rel}","templated":true}]}}