{"id":383,"date":"2024-02-13T12:46:37","date_gmt":"2024-02-13T10:46:37","guid":{"rendered":"https:\/\/www.miamicarhire.com\/car-rental-malaga"},"modified":"2024-03-18T13:58:00","modified_gmt":"2024-03-18T11:58:00","slug":"car-rental-malaga","status":"publish","type":"page","link":"https:\/\/www.miamicarhire.com\/de\/autovermietung-malaga","title":{"rendered":"Autovermietung Malaga"},"content":{"rendered":"<section class=\"l-section wpb_row height_auto width_full\"><div class=\"l-section-h i-cf\"><div class=\"g-cols vc_row via_flex valign_middle type_default stacking_default\"><div class=\"vc_col-sm-6 wpb_column vc_column_container has_bg_color\"><div class=\"vc_column-inner us_custom_80948486\"><div class=\"wpb_wrapper\"><div class=\"w-separator size_huge\"><\/div><div class=\"wpb_text_column us_custom_a3d74c02 has_text_color\"><div class=\"wpb_wrapper\"><h1>Malaga<\/h1>\n<\/div><\/div><div class=\"w-separator size_small\"><\/div><div class=\"wpb_text_column us_custom_d9896d7d\"><div class=\"wpb_wrapper\"><p>Welche Orte k\u00f6nnen wir mit unseren Mietwagen besuchen?<\/p>\n<\/div><\/div><div class=\"wpb_text_column\"><div class=\"wpb_wrapper\"><p>Siehe Ausflugsziele in Malaga<\/p>\n<\/div><\/div><div class=\"w-separator size_huge\"><\/div><\/div><\/div><\/div><div class=\"vc_col-sm-6 wpb_column vc_column_container\"><div class=\"vc_column-inner\"><div class=\"wpb_wrapper\"><div class=\"w-separator size_small\"><\/div>[vc_raw_html css=&#8220;%7B%22default%22%3A%7B%22height%22%3A%22100%25%22%7D%7D&#8220;]PGlmcmFtZSB0aXRsZT0ibW90b3IiIHNyYz0iaHR0cHM6Ly9yZXNlcnZhcy5taWFtaWNhcmhpcmUuY29tLz9zZWFyY2g9MSZhbXA7aWRpb21hPWRlIiB3aWR0aD0iMTAwJSIgaGVpZ2h0PSI0MjBweCIgY2xhc3M9InB0LVs4cHhdIiBmcmFtZWJvcmRlcj0iMCI+PC9pZnJhbWU+[\/vc_raw_html]<div class=\"w-separator size_small\"><\/div><\/div><\/div><\/div><\/div><\/div><\/section><section class=\"l-section wpb_row height_large width_custom\" style=\"--site-content-width:1600px;\"><div class=\"l-section-h i-cf\"><div class=\"g-cols vc_row via_flex valign_middle type_default stacking_default\" style=\"--additional-gap:1.5rem;\"><div class=\"vc_col-sm-6 wpb_column vc_column_container\"><div class=\"vc_column-inner\"><div class=\"wpb_wrapper\"><div class=\"w-image align_center\"><div class=\"w-image-h\"><img decoding=\"async\" width=\"400\" height=\"400\" src=\"https:\/\/www.miamicarhire.com\/wp-content\/uploads\/2024\/02\/frame-58.svg\" class=\"attachment-us_400_400 size-us_400_400\" alt=\"malaga\" loading=\"lazy\" \/><\/div><\/div><\/div><\/div><\/div><div class=\"vc_col-sm-6 wpb_column vc_column_container\"><div class=\"vc_column-inner\"><div class=\"wpb_wrapper\">[vc_custom_heading text=&#8220;In der Hauptstadt der Costa del Sol gelegen&#8220; use_theme_fonts=&#8220;yes&#8220; css=&#8220;%7B%22default%22%3A%7B%22color%22%3A%22%234d94ff%22%2C%22font-size%22%3A%2224px%22%2C%22font-weight%22%3A%22400%22%7D%7D&#8220;]<div class=\"wpb_text_column us_custom_819cf935\"><div class=\"wpb_wrapper\"><p>Es liegt 8 Kilometer vom Flughafen entfernt und ist \u00fcber die Stra\u00dfe, den Zug oder den Bus gut mit jedem Ort in Andalusien verbunden. Andere M\u00f6glichkeiten, nach M\u00e1laga zu gelangen, sind die Stra\u00dfe, der Zug oder das Schiff. Der RENFE-Bahnhof mit Hochgeschwindigkeitsz\u00fcgen des AVE liegt im Zentrum der Stadt.<\/p>\n<\/div><\/div><\/div><\/div><\/div><\/div><\/div><\/section><section class=\"l-section wpb_row height_medium width_custom\" style=\"--site-content-width:1600px;\"><div class=\"l-section-h i-cf\"><div class=\"g-cols vc_row via_flex valign_top type_default stacking_default\"><div class=\"vc_col-sm-12 wpb_column vc_column_container\"><div class=\"vc_column-inner\"><div class=\"wpb_wrapper\">[vc_custom_heading text=&#8220;Mieten Sie jetzt Ihr Auto in Malaga!&#8220; font_container=&#8220;tag:h2|text_align:center&#8220; use_theme_fonts=&#8220;yes&#8220; css=&#8220;%7B%22default%22%3A%7B%22color%22%3A%22%234d94ff%22%2C%22font-size%22%3A%2224px%22%2C%22font-weight%22%3A%22400%22%7D%7D&#8220;]<div class=\"w-separator size_small\"><\/div>[vc_custom_heading text=&#8220;Diese Orte sollten Sie nicht verpassen<br \/>\nIn der Provinz M\u00e1laga gibt es viele Orte, die man mit einem Mietwagen besuchen kann.&#8220; font_container=&#8220;tag:h3|text_align:center&#8220; use_theme_fonts=&#8220;yes&#8220; css=&#8220;%7B%22default%22%3A%7B%22color%22%3A%22%234d94ff%22%2C%22font-size%22%3A%2224px%22%2C%22font-weight%22%3A%22400%22%2C%22margin-top%22%3A%22-2rem%22%7D%7D&#8220;]<div class=\"w-separator size_medium\"><\/div><div class=\"w-grid type_grid layout_154 cols_2 with_css_animation\" id=\"us_grid_1\" style=\"--columns:2;--gap:1.5rem;\" data-filterable=\"true\"><style>@media (max-width:600px){#us_grid_1{--columns:1!important}}.layout_154 .w-grid-item-h{}.layout_154 .usg_vwrapper_1{transition-duration:0.3s;transform-origin:50% 50%;transform:scale(1) translate(0%,2%)}.layout_154 .w-grid-item-h:focus-within .usg_vwrapper_1,.layout_154 .w-grid-item-h:hover .usg_vwrapper_1{transform:scale(1) translate(0%,0%);opacity:1}.layout_154 .usg_post_image_1{border-radius:1rem!important}.layout_154 .usg_post_title_1{font-size:max( 1rem,1vw )!important}.layout_154 .usg_post_content_1{text-align:center!important}<\/style><div class=\"w-grid-list\">\t<article class=\"w-grid-item us_animate_afb size_1x1 post-481 places_to_visit type-places_to_visit status-publish has-post-thumbnail hentry category-malaga-de\" data-id=\"481\" style=\"animation-delay:0s\">\r\n\t\t<div class=\"w-grid-item-h\">\r\n\t\t\t\t\t\t<div class=\"w-vwrapper usg_vwrapper_1 align_center valign_top\" style=\"--vwrapper-gap:0.3rem\"><div class=\"w-post-elm post_image usg_post_image_1 has_ratio\"><img loading=\"lazy\" decoding=\"async\" width=\"1024\" height=\"330\" src=\"https:\/\/www.miamicarhire.com\/wp-content\/uploads\/2024\/02\/imagenplaya-1024x330.jpg\" class=\"attachment-large size-large wp-post-image\" alt=\"beaches\" \/><div style=\"padding-bottom:42.8571%\"><\/div><\/div><h3 class=\"w-post-elm post_title usg_post_title_1 align_center entry-title color_link_inherit\">De prachtige stranden<\/h3><div class=\"w-post-elm post_content usg_post_content_1\"><p>Van Torremolinos tot Manilva via Benalm\u00e1dena, Fuengirola, Mijas, Marbella, Estepona, enz. vindt u prachtige stranden en baaien, ideaal om te genieten van de Middellandse Zee, haar charme en vooral haar mediterrane keuken en haar voortreffelijke gebakken vis<\/p>\n<\/div><\/div>\t\t<\/div>\r\n\t\t\t<\/article>\r\n\t<article class=\"w-grid-item us_animate_afb size_1x1 post-480 places_to_visit type-places_to_visit status-publish has-post-thumbnail hentry category-malaga-de\" data-id=\"480\" style=\"animation-delay:0.1s\">\r\n\t\t<div class=\"w-grid-item-h\">\r\n\t\t\t\t\t\t<div class=\"w-vwrapper usg_vwrapper_1 align_center valign_top\" style=\"--vwrapper-gap:0.3rem\"><div class=\"w-post-elm post_image usg_post_image_1 has_ratio\"><img loading=\"lazy\" decoding=\"async\" width=\"1024\" height=\"330\" src=\"https:\/\/www.miamicarhire.com\/wp-content\/uploads\/2024\/02\/image1@2x-1024x330.jpg\" class=\"attachment-large size-large wp-post-image\" alt=\"Sierra de las Nieves\" \/><div style=\"padding-bottom:42.8571%\"><\/div><\/div><h3 class=\"w-post-elm post_title usg_post_title_1 align_center entry-title color_link_inherit\">Sierra de las Nieves<\/h3><div class=\"w-post-elm post_content usg_post_content_1\"><p>Een natuurgebied van groot ecologisch belang omringd door talrijke witte dorpen met een belangrijk cultureel erfgoed zoals Ronda, Einige von ihnen verf\u00fcgen \u00fcber ein bedeutendes kulturelles Erbe wie Ronda, eine monumentale Stadt mit ihrer ber\u00fchmten Schlucht El Tajo, Cortes de la Frontera, Tolox, Yunquera usw., alle mit einer exquisiten gastronomischen Vielfalt<\/p>\n<\/div><\/div>\t\t<\/div>\r\n\t\t\t<\/article>\r\n\t<article class=\"w-grid-item us_animate_afb size_1x1 post-479 places_to_visit type-places_to_visit status-publish has-post-thumbnail hentry category-malaga-de\" data-id=\"479\" style=\"animation-delay:0.2s\">\r\n\t\t<div class=\"w-grid-item-h\">\r\n\t\t\t\t\t\t<div class=\"w-vwrapper usg_vwrapper_1 align_center valign_top\" style=\"--vwrapper-gap:0.3rem\"><div class=\"w-post-elm post_image usg_post_image_1 has_ratio\"><img loading=\"lazy\" decoding=\"async\" width=\"1024\" height=\"302\" src=\"https:\/\/www.miamicarhire.com\/wp-content\/uploads\/2024\/02\/muelle_centro-1024x302.jpg\" class=\"attachment-large size-large wp-post-image\" alt=\"muelle\" \/><div style=\"padding-bottom:42.8571%\"><\/div><\/div><h3 class=\"w-post-elm post_title usg_post_title_1 align_center entry-title color_link_inherit\">Muelle 1<\/h3><div class=\"w-post-elm post_content usg_post_content_1\"><div class=\"relative -translate-y-2 transition duration-300 ease-in-out transform hover:-translate-y-4 justify-center items-center\">\n<p class=\"justify-center items-center text-center\">Een bezoek aan het centrum van Malaga is compleet als u de Puerto Nuevo, het historische centrum, het Picasso-museum, de kathedraal en talloze monumenten en pittoreske hoekjes ziet<\/p>\n<\/div>\n<\/div><\/div>\t\t<\/div>\r\n\t\t\t<\/article>\r\n\t<article class=\"w-grid-item us_animate_afb size_1x1 post-478 places_to_visit type-places_to_visit status-publish has-post-thumbnail hentry category-malaga-de\" data-id=\"478\" style=\"animation-delay:0.3s\">\r\n\t\t<div class=\"w-grid-item-h\">\r\n\t\t\t\t\t\t<div class=\"w-vwrapper usg_vwrapper_1 align_center valign_top\" style=\"--vwrapper-gap:0.3rem\"><div class=\"w-post-elm post_image usg_post_image_1 has_ratio\"><img loading=\"lazy\" decoding=\"async\" width=\"1024\" height=\"330\" src=\"https:\/\/www.miamicarhire.com\/wp-content\/uploads\/2024\/02\/imagenplaya-1024x330.jpg\" class=\"attachment-large size-large wp-post-image\" alt=\"beaches\" \/><div style=\"padding-bottom:42.8571%\"><\/div><\/div><h3 class=\"w-post-elm post_title usg_post_title_1 align_center entry-title color_link_inherit\">Nerja<\/h3><div class=\"w-post-elm post_content usg_post_content_1\"><p>Gelegen aan de oostkust van de provincie en slechts 45 minuten met de huurauto van de luchthaven. Als u de weg naar het oosten volgt, ontdekt u de kliffen van Maro, met een uitstekend uitzicht op zee en bezaaid met kleine ongerepte baaien<\/p>\n<\/div><\/div>\t\t<\/div>\r\n\t\t\t<\/article>\r\n\t<article class=\"w-grid-item us_animate_afb size_1x1 post-477 places_to_visit type-places_to_visit status-publish has-post-thumbnail hentry category-malaga-de\" data-id=\"477\" style=\"animation-delay:0s\">\r\n\t\t<div class=\"w-grid-item-h\">\r\n\t\t\t\t\t\t<div class=\"w-vwrapper usg_vwrapper_1 align_center valign_top\" style=\"--vwrapper-gap:0.3rem\"><div class=\"w-post-elm post_image usg_post_image_1 has_ratio\"><img loading=\"lazy\" decoding=\"async\" width=\"1024\" height=\"330\" src=\"https:\/\/www.miamicarhire.com\/wp-content\/uploads\/2024\/02\/axarquia-1024x330.jpg\" class=\"attachment-large size-large wp-post-image\" alt=\"Axarqu\u00eda\" \/><div style=\"padding-bottom:42.8571%\"><\/div><\/div><h3 class=\"w-post-elm post_title usg_post_title_1 align_center entry-title color_link_inherit\">Axarqu\u00eda<\/h3><div class=\"w-post-elm post_content usg_post_content_1\"><p>K\u00fcstenst\u00e4dte wie Rinc\u00f3n de la Victoria, Torrox oder Nerja, aber auch andere Orte wie Torre del Mar bilden die \u00f6stliche Costa del Sol. Die Axarquia-K\u00fcste beginnt am Ende der Stadt M\u00e1laga, im Bezirk El Palo, und reicht bis nach Maro, wo sie an die tropische K\u00fcste grenzt.<\/p>\n<\/div><\/div>\t\t<\/div>\r\n\t\t\t<\/article>\r\n<\/div><div class=\"w-grid-preloader\">\t<div class=\"g-preloader type_1\">\r\n\t\t<div><\/div>\r\n\t<\/div>\r\n\t<\/div>\t<div class=\"w-grid-json hidden\" onclick='return {&quot;action&quot;:&quot;us_ajax_grid&quot;,&quot;infinite_scroll&quot;:0,&quot;max_num_pages&quot;:1,&quot;pagination&quot;:&quot;none&quot;,&quot;template_vars&quot;:{&quot;columns&quot;:&quot;2&quot;,&quot;exclude_items&quot;:&quot;none&quot;,&quot;img_size&quot;:&quot;default&quot;,&quot;ignore_items_size&quot;:0,&quot;items_layout&quot;:&quot;154&quot;,&quot;items_offset&quot;:&quot;1&quot;,&quot;load_animation&quot;:&quot;afb&quot;,&quot;overriding_link&quot;:&quot;%7B%22url%22%3A%22%22%7D&quot;,&quot;post_id&quot;:0,&quot;query_args&quot;:{&quot;post_type&quot;:[&quot;places_to_visit&quot;],&quot;tax_query&quot;:[{&quot;taxonomy&quot;:&quot;category&quot;,&quot;field&quot;:&quot;slug&quot;,&quot;terms&quot;:[&quot;malaga&quot;]}],&quot;post_status&quot;:[&quot;publish&quot;,&quot;acf-disabled&quot;],&quot;posts_per_page&quot;:&quot;10&quot;},&quot;orderby_query_args&quot;:{&quot;orderby&quot;:{&quot;date&quot;:&quot;ASC&quot;}},&quot;type&quot;:&quot;grid&quot;,&quot;us_grid_post_type&quot;:&quot;places_to_visit&quot;,&quot;us_grid_ajax_index&quot;:1,&quot;us_grid_filter_query_string&quot;:null,&quot;us_grid_index&quot;:1,&quot;page_args&quot;:[],&quot;lang&quot;:&quot;de&quot;}}'><\/div>\r\n\t<\/div><\/div><\/div><\/div><\/div><\/div><\/section><section class=\"l-section wpb_row height_medium width_custom\" style=\"--site-content-width:1400px;\"><div class=\"l-section-h i-cf\"><div class=\"g-cols vc_row via_flex valign_middle type_default stacking_default\" style=\"--additional-gap:1.5rem;\"><div class=\"vc_col-sm-6 wpb_column vc_column_container\"><div class=\"vc_column-inner\"><div class=\"wpb_wrapper\"><div class=\"w-image align_none\"><div class=\"w-image-h\"><img decoding=\"async\" width=\"400\" height=\"267\" src=\"https:\/\/www.miamicarhire.com\/wp-content\/uploads\/2024\/02\/keys-hands-redu-400x267.jpg\" class=\"attachment-us_400_400 size-us_400_400\" alt=\"malaga\" loading=\"lazy\" \/><\/div><\/div><\/div><\/div><\/div><div class=\"vc_col-sm-6 wpb_column vc_column_container\"><div class=\"vc_column-inner\"><div class=\"wpb_wrapper\">[vc_custom_heading text=&#8220;Mieten Sie jetzt Ihr Auto in Malaga!&#8220; font_container=&#8220;tag:p|text_align:left&#8220; use_theme_fonts=&#8220;yes&#8220; css=&#8220;%7B%22default%22%3A%7B%22color%22%3A%22%234d94ff%22%2C%22font-size%22%3A%2224px%22%2C%22font-weight%22%3A%22600%22%7D%7D&#8220;]<div class=\"wpb_text_column us_custom_2dc9c880\"><div class=\"wpb_wrapper\"><p>Unser Personal wird bei Ihrer Ankunft mit Ihrem Mietwagen auf Sie warten<\/p>\n<\/div><\/div><div class=\"w-separator size_small\"><\/div><div class=\"w-btn-wrapper align_none\"><a class=\"w-btn us-btn-style_1\" href=\"https:\/\/reservas.miamicarhire.com\/?idioma=de\"><span class=\"w-btn-label\">Reservieren<\/span><\/a><\/div><\/div><\/div><\/div><\/div><\/div><\/section>\n","protected":false},"excerpt":{"rendered":"K\u00fcstenst\u00e4dte wie Rinc\u00f3n de la Victoria, Torrox oder Nerja, aber auch andere Orte wie Torre del Mar bilden die \u00f6stliche Costa del Sol. Die Axarquia-K\u00fcste beginnt am Ende der Stadt M\u00e1laga, im Bezirk El Palo, und reicht bis nach Maro, wo sie an die tropische K\u00fcste grenzt.","protected":false},"author":1,"featured_media":0,"parent":0,"menu_order":0,"comment_status":"closed","ping_status":"closed","template":"","meta":{"_acf_changed":false,"inline_featured_image":false,"footnotes":""},"class_list":["post-383","page","type-page","status-publish","hentry"],"acf":[],"yoast_head":"<!-- This site is optimized with the Yoast SEO plugin v27.6 - https:\/\/yoast.com\/product\/yoast-seo-wordpress\/ -->\n<title>\ud83e\udd47Car Rental in M\u00e1laga | Cheap car rentals | Miami Car Hire<\/title>\n<meta name=\"description\" content=\"Miami Car Hire | Easy Rent a Car in Fuengirola and Malaga\" \/>\n<meta name=\"robots\" content=\"index, follow, max-snippet:-1, max-image-preview:large, max-video-preview:-1\" \/>\n<link rel=\"canonical\" href=\"https:\/\/www.miamicarhire.com\/de\/autovermietung-malaga\" \/>\n<meta property=\"og:locale\" content=\"de_DE\" \/>\n<meta property=\"og:type\" content=\"article\" \/>\n<meta property=\"og:title\" content=\"\ud83e\udd47Car Rental in M\u00e1laga | Cheap car rentals | Miami Car Hire\" \/>\n<meta property=\"og:description\" content=\"Miami Car Hire | Easy Rent a Car in Fuengirola and Malaga\" \/>\n<meta property=\"og:url\" content=\"https:\/\/www.miamicarhire.com\/de\/autovermietung-malaga\" \/>\n<meta property=\"og:site_name\" content=\"\ud83e\udd47Car Rental in M\u00e1laga | Cheap car rentals | Miami Car Hire\" \/>\n<meta property=\"article:modified_time\" content=\"2024-03-18T11:58:00+00:00\" \/>\n<meta name=\"twitter:card\" content=\"summary_large_image\" \/>\n<meta name=\"twitter:label1\" content=\"Gesch\u00e4tzte Lesezeit\" \/>\n\t<meta name=\"twitter:data1\" content=\"2\u00a0Minuten\" \/>\n<script type=\"application\/ld+json\" class=\"yoast-schema-graph\">{\"@context\":\"https:\\\/\\\/schema.org\",\"@graph\":[{\"@type\":\"WebPage\",\"@id\":\"https:\\\/\\\/www.miamicarhire.com\\\/de\\\/autovermietung-malaga\",\"url\":\"https:\\\/\\\/www.miamicarhire.com\\\/de\\\/autovermietung-malaga\",\"name\":\"\ud83e\udd47Car Rental in M\u00e1laga | Cheap car rentals | Miami Car Hire\",\"isPartOf\":{\"@id\":\"https:\\\/\\\/www.miamicarhire.com\\\/de\\\/#website\"},\"datePublished\":\"2024-02-13T10:46:37+00:00\",\"dateModified\":\"2024-03-18T11:58:00+00:00\",\"description\":\"Miami Car Hire | Easy Rent a Car in Fuengirola and Malaga\",\"breadcrumb\":{\"@id\":\"https:\\\/\\\/www.miamicarhire.com\\\/de\\\/autovermietung-malaga#breadcrumb\"},\"inLanguage\":\"de\",\"potentialAction\":[{\"@type\":\"ReadAction\",\"target\":[\"https:\\\/\\\/www.miamicarhire.com\\\/de\\\/autovermietung-malaga\"]}]},{\"@type\":\"BreadcrumbList\",\"@id\":\"https:\\\/\\\/www.miamicarhire.com\\\/de\\\/autovermietung-malaga#breadcrumb\",\"itemListElement\":[{\"@type\":\"ListItem\",\"position\":1,\"name\":\"Portada\",\"item\":\"https:\\\/\\\/www.miamicarhire.com\\\/de\"},{\"@type\":\"ListItem\",\"position\":2,\"name\":\"Autovermietung Malaga\"}]},{\"@type\":\"WebSite\",\"@id\":\"https:\\\/\\\/www.miamicarhire.com\\\/de\\\/#website\",\"url\":\"https:\\\/\\\/www.miamicarhire.com\\\/de\\\/\",\"name\":\"\ud83e\udd47Car Rental in M\u00e1laga | Cheap car rentals |Miami Car Hire\",\"description\":\"Miami Car Hire | Easy Rent a Car in Fuengirola and Malaga\",\"potentialAction\":[{\"@type\":\"SearchAction\",\"target\":{\"@type\":\"EntryPoint\",\"urlTemplate\":\"https:\\\/\\\/www.miamicarhire.com\\\/de\\\/?s={search_term_string}\"},\"query-input\":{\"@type\":\"PropertyValueSpecification\",\"valueRequired\":true,\"valueName\":\"search_term_string\"}}],\"inLanguage\":\"de\"}]}<\/script>\n<!-- \/ Yoast SEO plugin. -->","yoast_head_json":{"title":"\ud83e\udd47Car Rental in M\u00e1laga | Cheap car rentals | Miami Car Hire","description":"Miami Car Hire | Easy Rent a Car in Fuengirola and Malaga","robots":{"index":"index","follow":"follow","max-snippet":"max-snippet:-1","max-image-preview":"max-image-preview:large","max-video-preview":"max-video-preview:-1"},"canonical":"https:\/\/www.miamicarhire.com\/de\/autovermietung-malaga","og_locale":"de_DE","og_type":"article","og_title":"\ud83e\udd47Car Rental in M\u00e1laga | Cheap car rentals | Miami Car Hire","og_description":"Miami Car Hire | Easy Rent a Car in Fuengirola and Malaga","og_url":"https:\/\/www.miamicarhire.com\/de\/autovermietung-malaga","og_site_name":"\ud83e\udd47Car Rental in M\u00e1laga | Cheap car rentals | Miami Car Hire","article_modified_time":"2024-03-18T11:58:00+00:00","twitter_card":"summary_large_image","twitter_misc":{"Gesch\u00e4tzte Lesezeit":"2\u00a0Minuten"},"schema":{"@context":"https:\/\/schema.org","@graph":[{"@type":"WebPage","@id":"https:\/\/www.miamicarhire.com\/de\/autovermietung-malaga","url":"https:\/\/www.miamicarhire.com\/de\/autovermietung-malaga","name":"\ud83e\udd47Car Rental in M\u00e1laga | Cheap car rentals | Miami Car Hire","isPartOf":{"@id":"https:\/\/www.miamicarhire.com\/de\/#website"},"datePublished":"2024-02-13T10:46:37+00:00","dateModified":"2024-03-18T11:58:00+00:00","description":"Miami Car Hire | Easy Rent a Car in Fuengirola and Malaga","breadcrumb":{"@id":"https:\/\/www.miamicarhire.com\/de\/autovermietung-malaga#breadcrumb"},"inLanguage":"de","potentialAction":[{"@type":"ReadAction","target":["https:\/\/www.miamicarhire.com\/de\/autovermietung-malaga"]}]},{"@type":"BreadcrumbList","@id":"https:\/\/www.miamicarhire.com\/de\/autovermietung-malaga#breadcrumb","itemListElement":[{"@type":"ListItem","position":1,"name":"Portada","item":"https:\/\/www.miamicarhire.com\/de"},{"@type":"ListItem","position":2,"name":"Autovermietung Malaga"}]},{"@type":"WebSite","@id":"https:\/\/www.miamicarhire.com\/de\/#website","url":"https:\/\/www.miamicarhire.com\/de\/","name":"\ud83e\udd47Car Rental in M\u00e1laga | Cheap car rentals |Miami Car Hire","description":"Miami Car Hire | Easy Rent a Car in Fuengirola and Malaga","potentialAction":[{"@type":"SearchAction","target":{"@type":"EntryPoint","urlTemplate":"https:\/\/www.miamicarhire.com\/de\/?s={search_term_string}"},"query-input":{"@type":"PropertyValueSpecification","valueRequired":true,"valueName":"search_term_string"}}],"inLanguage":"de"}]}},"_links":{"self":[{"href":"https:\/\/www.miamicarhire.com\/de\/wp-json\/wp\/v2\/pages\/383","targetHints":{"allow":["GET"]}}],"collection":[{"href":"https:\/\/www.miamicarhire.com\/de\/wp-json\/wp\/v2\/pages"}],"about":[{"href":"https:\/\/www.miamicarhire.com\/de\/wp-json\/wp\/v2\/types\/page"}],"author":[{"embeddable":true,"href":"https:\/\/www.miamicarhire.com\/de\/wp-json\/wp\/v2\/users\/1"}],"replies":[{"embeddable":true,"href":"https:\/\/www.miamicarhire.com\/de\/wp-json\/wp\/v2\/comments?post=383"}],"version-history":[{"count":33,"href":"https:\/\/www.miamicarhire.com\/de\/wp-json\/wp\/v2\/pages\/383\/revisions"}],"predecessor-version":[{"id":1532,"href":"https:\/\/www.miamicarhire.com\/de\/wp-json\/wp\/v2\/pages\/383\/revisions\/1532"}],"wp:attachment":[{"href":"https:\/\/www.miamicarhire.com\/de\/wp-json\/wp\/v2\/media?parent=383"}],"curies":[{"name":"wp","href":"https:\/\/api.w.org\/{rel}","templated":true}]}}