{"id":378,"date":"2024-02-13T13:06:29","date_gmt":"2024-02-13T11:06:29","guid":{"rendered":"https:\/\/www.miamicarhire.com\/car-rental-fuengirola"},"modified":"2026-02-10T10:43:05","modified_gmt":"2026-02-10T08:43:05","slug":"car-rental-fuengirola","status":"publish","type":"page","link":"https:\/\/www.miamicarhire.com\/de\/autovermietung-fuengirola","title":{"rendered":"Cheap car Rentals fuengirola"},"content":{"rendered":"<section class=\"l-section wpb_row height_auto width_full\"><div class=\"l-section-h i-cf\"><div class=\"g-cols vc_row via_flex valign_middle type_default stacking_default\"><div class=\"vc_col-sm-6 wpb_column vc_column_container has_bg_color\"><div class=\"vc_column-inner us_custom_80948486\"><div class=\"wpb_wrapper\"><div class=\"w-separator size_huge\"><\/div><div class=\"wpb_text_column us_custom_a3d74c02 has_text_color\"><div class=\"wpb_wrapper\"><h1>Autovermietung Fuengirola<\/h1>\n<\/div><\/div><div class=\"w-separator size_small\"><\/div><div class=\"wpb_text_column us_custom_d9896d7d\"><div class=\"wpb_wrapper\"><h2>Warum sollten Sie Ihr Auto bei Miami Car Hire mieten?<\/h2>\n<\/div><\/div><div class=\"wpb_text_column\"><div class=\"wpb_wrapper\"><p>Das B\u00fcro von Miami Car Hire in Fuengirola befindet sich neben dem Yachthafen, in der Stra\u00dfe Hernan Cortes Nr. 1, gegen\u00fcber dem Hotel PYR (Postleitzahl 29640)<\/p>\n<\/div><\/div><div class=\"w-separator size_huge\"><\/div><\/div><\/div><\/div><div class=\"vc_col-sm-6 wpb_column vc_column_container\"><div class=\"vc_column-inner\"><div class=\"wpb_wrapper\"><div class=\"w-separator size_small\"><\/div>[vc_raw_html css=&#8220;%7B%22default%22%3A%7B%22height%22%3A%22100%25%22%7D%7D&#8220;]JTNDaWZyYW1lJTIwdGl0bGUlM0QlMjJtb3RvciUyMiUyMHNyYyUzRCUyMmh0dHBzJTNBJTJGJTJGcmVzZXJ2YXMubWlhbWljYXJoaXJlLmNvbSUyRiUzRnNlYXJjaCUzRDElMjZhbXAlM0JpZGlvbWElM0RkZSUyMiUyMHdpZHRoJTNEJTIyMTAwJTI1JTIyJTIwaGVpZ2h0JTNEJTIyNDIwcHglMjIlMjBjbGFzcyUzRCUyMnB0LSU1QjhweCU1RCUyMiUyMGZyYW1lYm9yZGVyJTNEJTIyMCUyMiUzRSUzQyUyRmlmcmFtZSUzRQ==[\/vc_raw_html]<div class=\"w-separator size_small\"><\/div><\/div><\/div><\/div><\/div><\/div><\/section><section class=\"l-section wpb_row height_large width_custom\" style=\"--site-content-width:1600px;\"><div class=\"l-section-h i-cf\"><div class=\"g-cols vc_row via_flex valign_middle type_default stacking_default\" style=\"--additional-gap:1.5rem;\"><div class=\"vc_col-sm-6 wpb_column vc_column_container\"><div class=\"vc_column-inner\"><div class=\"wpb_wrapper\">[vc_custom_heading text=&#8220;Willkommensdienst&#8220; use_theme_fonts=&#8220;yes&#8220; css=&#8220;%7B%22default%22%3A%7B%22color%22%3A%22%234d94ff%22%2C%22font-size%22%3A%2224px%22%2C%22font-weight%22%3A%22600%22%7D%7D&#8220;]<div class=\"wpb_text_column us_custom_819cf935\"><div class=\"wpb_wrapper\"><p>Wir bieten eine gro\u00dfe Auswahl an Mietwagen zu unschlagbaren Preisen, einschlie\u00dflich Vollkaskoversicherung, 24-Stunden-Pannenhilfe, unbegrenzter Kilometerzahl, kostenlosem zweiten Fahrer und einer fairen Kraftstoffpolitik. Wir bieten Ihnen auch die M\u00f6glichkeit, Ihren Mietwagen mit einem speziellen Abholservice am <a href=\"https:\/\/www.miamicarhire.com\/de\/autovermietung-flughafen-malaga\">Flughafen Malaga<\/a>, am <a href=\"https:\/\/www.miamicarhire.com\/de\/rental-autoverlad-station-malaga\">Maria Zambrano Malaga RENFE Bahnhof und<\/a> am <a href=\"https:\/\/www.miamicarhire.com\/de\/autovermietung-malaga-hafen\">Hafen von Malaga<\/a> ohne zus\u00e4tzliche Kosten entgegenzunehmen oder zur\u00fcckzugeben.<\/p>\n<\/div><\/div><\/div><\/div><\/div><div class=\"vc_col-sm-6 wpb_column vc_column_container\"><div class=\"vc_column-inner\"><div class=\"wpb_wrapper\"><div class=\"w-image align_center\"><div class=\"w-image-h\"><img decoding=\"async\" width=\"500\" height=\"500\" src=\"https:\/\/www.miamicarhire.com\/wp-content\/uploads\/2024\/02\/fgmeet-11.svg\" class=\"attachment-us_500_500 size-us_500_500\" alt=\"meet\" loading=\"lazy\" \/><\/div><\/div><\/div><\/div><\/div><\/div><\/div><\/section><section class=\"l-section wpb_row us_custom_0d15be52 height_large width_custom\" style=\"--site-content-width:1600px;\"><div class=\"l-section-h i-cf\"><div class=\"g-cols vc_row via_flex valign_middle type_default stacking_default\" style=\"--additional-gap:1.5rem;\"><div class=\"vc_col-sm-6 wpb_column vc_column_container\"><div class=\"vc_column-inner\"><div class=\"wpb_wrapper\"><div class=\"w-image align_center\"><div class=\"w-image-h\"><img decoding=\"async\" width=\"500\" height=\"500\" src=\"https:\/\/www.miamicarhire.com\/wp-content\/uploads\/2024\/02\/08.svg\" class=\"attachment-us_500_500 size-us_500_500\" alt=\"meet\" loading=\"lazy\" \/><\/div><\/div><\/div><\/div><\/div><div class=\"vc_col-sm-6 wpb_column vc_column_container\"><div class=\"vc_column-inner\"><div class=\"wpb_wrapper\">[vc_custom_heading text=&#8220;Genie\u00dfen Sie Fuengirola und seine sch\u00f6ne Umgebung&#8220; use_theme_fonts=&#8220;yes&#8220; css=&#8220;%7B%22default%22%3A%7B%22color%22%3A%22%234d94ff%22%2C%22font-size%22%3A%2224px%22%2C%22font-weight%22%3A%22600%22%7D%7D&#8220;]<div class=\"wpb_text_column us_custom_819cf935\"><div class=\"wpb_wrapper\"><p>Die Stadt ist ideal f\u00fcr Familien, Paare oder Freunde und verf\u00fcgt \u00fcber eine 7 km lange Strandpromenade, die Zugang zu den herrlichen und sehr gepflegten Str\u00e4nden bietet. Au\u00dferdem gibt es einen gro\u00dfen Zoo, den Bioparc Fuengirola, der aufgrund seiner Tiervielfalt und seiner beeindruckenden Nachbildung tropischer \u00d6kosysteme als einer der besten Zoos an der Costa del Sol gilt. Au\u00dferdem gibt es den Aquatic Park im Norden der Stadt und den Sohail River Leisure Park im Westen von Fuengirola.<\/p>\n<\/div><\/div><\/div><\/div><\/div><\/div><\/div><\/section><section class=\"l-section wpb_row height_medium width_custom\" style=\"--site-content-width:1400px;\"><div class=\"l-section-h i-cf\"><div class=\"g-cols vc_row via_flex valign_middle type_default stacking_default\" style=\"--additional-gap:1.5rem;\"><div class=\"vc_col-sm-6 wpb_column vc_column_container\"><div class=\"vc_column-inner\"><div class=\"wpb_wrapper\"><div class=\"w-image align_none\"><div class=\"w-image-h\"><img decoding=\"async\" width=\"400\" height=\"267\" src=\"https:\/\/www.miamicarhire.com\/wp-content\/uploads\/2024\/02\/keys-hands-redu-400x267.jpg\" class=\"attachment-us_400_400 size-us_400_400\" alt=\"malaga\" loading=\"lazy\" \/><\/div><\/div><\/div><\/div><\/div><div class=\"vc_col-sm-6 wpb_column vc_column_container\"><div class=\"vc_column-inner\"><div class=\"wpb_wrapper\">[vc_custom_heading text=&#8220;Mieten Sie jetzt Ihr Auto in Malaga!&#8220; use_theme_fonts=&#8220;yes&#8220; css=&#8220;%7B%22default%22%3A%7B%22color%22%3A%22%234d94ff%22%2C%22font-size%22%3A%2224px%22%2C%22font-weight%22%3A%22600%22%7D%7D&#8220;]<div class=\"wpb_text_column us_custom_2dc9c880\"><div class=\"wpb_wrapper\"><p>Unser Personal wird bei Ihrer Ankunft mit Ihrem Mietwagen auf Sie warten<\/p>\n<\/div><\/div><div class=\"w-separator size_small\"><\/div><div class=\"w-btn-wrapper align_none\"><a class=\"w-btn us-btn-style_1\" href=\"https:\/\/reservas.miamicarhire.com\/?idioma=de\"><span class=\"w-btn-label\">Reservieren<\/span><\/a><\/div><\/div><\/div><\/div><\/div><\/div><\/section>\n","protected":false},"excerpt":{"rendered":"Autovermietung Fuengirola Warum sollten Sie Ihr Auto bei Miami Car Hire mieten? Das B\u00fcro von Miami Car Hire in Fuengirola befindet sich neben dem Yachthafen, in der Stra\u00dfe Hernan Cortes Nr. 1, gegen\u00fcber dem Hotel PYR (Postleitzahl 29640) [vc_raw_html css=\"%7B%22default%22%3A%7B%22height%22%3A%22100%25%22%7D%7D\"]JTNDaWZyYW1lJTIwdGl0bGUlM0QlMjJtb3RvciUyMiUyMHNyYyUzRCUyMmh0dHBzJTNBJTJGJTJGcmVzZXJ2YXMubWlhbWljYXJoaXJlLmNvbSUyRiUzRnNlYXJjaCUzRDElMjZhbXAlM0JpZGlvbWElM0RkZSUyMiUyMHdpZHRoJTNEJTIyMTAwJTI1JTIyJTIwaGVpZ2h0JTNEJTIyNDIwcHglMjIlMjBjbGFzcyUzRCUyMnB0LSU1QjhweCU1RCUyMiUyMGZyYW1lYm9yZGVyJTNEJTIyMCUyMiUzRSUzQyUyRmlmcmFtZSUzRQ==[\/vc_raw_html][vc_custom_heading text=\"Willkommensdienst\" use_theme_fonts=\"yes\" css=\"%7B%22default%22%3A%7B%22color%22%3A%22%234d94ff%22%2C%22font-size%22%3A%2224px%22%2C%22font-weight%22%3A%22600%22%7D%7D\"]Wir bieten eine gro\u00dfe Auswahl an Mietwagen zu unschlagbaren Preisen, einschlie\u00dflich Vollkaskoversicherung, 24-Stunden-Pannenhilfe,...","protected":false},"author":1,"featured_media":0,"parent":0,"menu_order":0,"comment_status":"closed","ping_status":"closed","template":"","meta":{"_acf_changed":false,"inline_featured_image":false,"footnotes":""},"class_list":["post-378","page","type-page","status-publish","hentry"],"acf":[],"yoast_head":"<!-- This site is optimized with the Yoast SEO plugin v27.6 - https:\/\/yoast.com\/product\/yoast-seo-wordpress\/ -->\n<title>\ud83e\udd47Car Rental in M\u00e1laga | Cheap car rentals | Miami Car Hire<\/title>\n<meta name=\"description\" content=\"Miami Car Hire | Easy Rent a Car in Fuengirola and Malaga\" \/>\n<meta name=\"robots\" content=\"index, follow, max-snippet:-1, max-image-preview:large, max-video-preview:-1\" \/>\n<link rel=\"canonical\" href=\"https:\/\/www.miamicarhire.com\/de\/autovermietung-fuengirola\" \/>\n<meta property=\"og:locale\" content=\"de_DE\" \/>\n<meta property=\"og:type\" content=\"article\" \/>\n<meta property=\"og:title\" content=\"\ud83e\udd47Car Rental in M\u00e1laga | Cheap car rentals | Miami Car Hire\" \/>\n<meta property=\"og:description\" content=\"Miami Car Hire | Easy Rent a Car in Fuengirola and Malaga\" \/>\n<meta property=\"og:url\" content=\"https:\/\/www.miamicarhire.com\/de\/autovermietung-fuengirola\" \/>\n<meta property=\"og:site_name\" content=\"\ud83e\udd47Car Rental in M\u00e1laga | Cheap car rentals | Miami Car Hire\" \/>\n<meta property=\"article:modified_time\" content=\"2026-02-10T08:43:05+00:00\" \/>\n<meta name=\"twitter:card\" content=\"summary_large_image\" \/>\n<meta name=\"twitter:label1\" content=\"Gesch\u00e4tzte Lesezeit\" \/>\n\t<meta name=\"twitter:data1\" content=\"2\u00a0Minuten\" \/>\n<script type=\"application\/ld+json\" class=\"yoast-schema-graph\">{\"@context\":\"https:\\\/\\\/schema.org\",\"@graph\":[{\"@type\":\"WebPage\",\"@id\":\"https:\\\/\\\/www.miamicarhire.com\\\/de\\\/autovermietung-fuengirola\",\"url\":\"https:\\\/\\\/www.miamicarhire.com\\\/de\\\/autovermietung-fuengirola\",\"name\":\"\ud83e\udd47Car Rental in M\u00e1laga | Cheap car rentals | Miami Car Hire\",\"isPartOf\":{\"@id\":\"https:\\\/\\\/www.miamicarhire.com\\\/de\\\/#website\"},\"datePublished\":\"2024-02-13T11:06:29+00:00\",\"dateModified\":\"2026-02-10T08:43:05+00:00\",\"description\":\"Miami Car Hire | Easy Rent a Car in Fuengirola and Malaga\",\"breadcrumb\":{\"@id\":\"https:\\\/\\\/www.miamicarhire.com\\\/de\\\/autovermietung-fuengirola#breadcrumb\"},\"inLanguage\":\"de\",\"potentialAction\":[{\"@type\":\"ReadAction\",\"target\":[\"https:\\\/\\\/www.miamicarhire.com\\\/de\\\/autovermietung-fuengirola\"]}]},{\"@type\":\"BreadcrumbList\",\"@id\":\"https:\\\/\\\/www.miamicarhire.com\\\/de\\\/autovermietung-fuengirola#breadcrumb\",\"itemListElement\":[{\"@type\":\"ListItem\",\"position\":1,\"name\":\"Portada\",\"item\":\"https:\\\/\\\/www.miamicarhire.com\\\/de\"},{\"@type\":\"ListItem\",\"position\":2,\"name\":\"Cheap car Rentals fuengirola\"}]},{\"@type\":\"WebSite\",\"@id\":\"https:\\\/\\\/www.miamicarhire.com\\\/de\\\/#website\",\"url\":\"https:\\\/\\\/www.miamicarhire.com\\\/de\\\/\",\"name\":\"\ud83e\udd47Car Rental in M\u00e1laga | Cheap car rentals |Miami Car Hire\",\"description\":\"Miami Car Hire | Easy Rent a Car in Fuengirola and Malaga\",\"potentialAction\":[{\"@type\":\"SearchAction\",\"target\":{\"@type\":\"EntryPoint\",\"urlTemplate\":\"https:\\\/\\\/www.miamicarhire.com\\\/de\\\/?s={search_term_string}\"},\"query-input\":{\"@type\":\"PropertyValueSpecification\",\"valueRequired\":true,\"valueName\":\"search_term_string\"}}],\"inLanguage\":\"de\"}]}<\/script>\n<!-- \/ Yoast SEO plugin. -->","yoast_head_json":{"title":"\ud83e\udd47Car Rental in M\u00e1laga | Cheap car rentals | Miami Car Hire","description":"Miami Car Hire | Easy Rent a Car in Fuengirola and Malaga","robots":{"index":"index","follow":"follow","max-snippet":"max-snippet:-1","max-image-preview":"max-image-preview:large","max-video-preview":"max-video-preview:-1"},"canonical":"https:\/\/www.miamicarhire.com\/de\/autovermietung-fuengirola","og_locale":"de_DE","og_type":"article","og_title":"\ud83e\udd47Car Rental in M\u00e1laga | Cheap car rentals | Miami Car Hire","og_description":"Miami Car Hire | Easy Rent a Car in Fuengirola and Malaga","og_url":"https:\/\/www.miamicarhire.com\/de\/autovermietung-fuengirola","og_site_name":"\ud83e\udd47Car Rental in M\u00e1laga | Cheap car rentals | Miami Car Hire","article_modified_time":"2026-02-10T08:43:05+00:00","twitter_card":"summary_large_image","twitter_misc":{"Gesch\u00e4tzte Lesezeit":"2\u00a0Minuten"},"schema":{"@context":"https:\/\/schema.org","@graph":[{"@type":"WebPage","@id":"https:\/\/www.miamicarhire.com\/de\/autovermietung-fuengirola","url":"https:\/\/www.miamicarhire.com\/de\/autovermietung-fuengirola","name":"\ud83e\udd47Car Rental in M\u00e1laga | Cheap car rentals | Miami Car Hire","isPartOf":{"@id":"https:\/\/www.miamicarhire.com\/de\/#website"},"datePublished":"2024-02-13T11:06:29+00:00","dateModified":"2026-02-10T08:43:05+00:00","description":"Miami Car Hire | Easy Rent a Car in Fuengirola and Malaga","breadcrumb":{"@id":"https:\/\/www.miamicarhire.com\/de\/autovermietung-fuengirola#breadcrumb"},"inLanguage":"de","potentialAction":[{"@type":"ReadAction","target":["https:\/\/www.miamicarhire.com\/de\/autovermietung-fuengirola"]}]},{"@type":"BreadcrumbList","@id":"https:\/\/www.miamicarhire.com\/de\/autovermietung-fuengirola#breadcrumb","itemListElement":[{"@type":"ListItem","position":1,"name":"Portada","item":"https:\/\/www.miamicarhire.com\/de"},{"@type":"ListItem","position":2,"name":"Cheap car Rentals fuengirola"}]},{"@type":"WebSite","@id":"https:\/\/www.miamicarhire.com\/de\/#website","url":"https:\/\/www.miamicarhire.com\/de\/","name":"\ud83e\udd47Car Rental in M\u00e1laga | Cheap car rentals |Miami Car Hire","description":"Miami Car Hire | Easy Rent a Car in Fuengirola and Malaga","potentialAction":[{"@type":"SearchAction","target":{"@type":"EntryPoint","urlTemplate":"https:\/\/www.miamicarhire.com\/de\/?s={search_term_string}"},"query-input":{"@type":"PropertyValueSpecification","valueRequired":true,"valueName":"search_term_string"}}],"inLanguage":"de"}]}},"_links":{"self":[{"href":"https:\/\/www.miamicarhire.com\/de\/wp-json\/wp\/v2\/pages\/378","targetHints":{"allow":["GET"]}}],"collection":[{"href":"https:\/\/www.miamicarhire.com\/de\/wp-json\/wp\/v2\/pages"}],"about":[{"href":"https:\/\/www.miamicarhire.com\/de\/wp-json\/wp\/v2\/types\/page"}],"author":[{"embeddable":true,"href":"https:\/\/www.miamicarhire.com\/de\/wp-json\/wp\/v2\/users\/1"}],"replies":[{"embeddable":true,"href":"https:\/\/www.miamicarhire.com\/de\/wp-json\/wp\/v2\/comments?post=378"}],"version-history":[{"count":33,"href":"https:\/\/www.miamicarhire.com\/de\/wp-json\/wp\/v2\/pages\/378\/revisions"}],"predecessor-version":[{"id":20692,"href":"https:\/\/www.miamicarhire.com\/de\/wp-json\/wp\/v2\/pages\/378\/revisions\/20692"}],"wp:attachment":[{"href":"https:\/\/www.miamicarhire.com\/de\/wp-json\/wp\/v2\/media?parent=378"}],"curies":[{"name":"wp","href":"https:\/\/api.w.org\/{rel}","templated":true}]}}