{"id":23726,"date":"2026-05-03T14:19:20","date_gmt":"2026-05-03T12:19:20","guid":{"rendered":"https:\/\/www.miamicarhire.com\/?page_id=23726"},"modified":"2026-05-03T14:39:37","modified_gmt":"2026-05-03T12:39:37","slug":"mietwagen-estepona","status":"publish","type":"page","link":"https:\/\/www.miamicarhire.com\/de\/mietwagen-torrox","title":{"rendered":"Mietwagen Torrox"},"content":{"rendered":"<section class=\"l-section wpb_row height_auto width_full\"><div class=\"l-section-h i-cf\"><div class=\"g-cols vc_row via_flex valign_middle type_default stacking_default\"><div class=\"vc_col-sm-6 wpb_column vc_column_container has_bg_color\"><div class=\"vc_column-inner us_custom_80948486\"><div class=\"wpb_wrapper\"><div class=\"w-separator size_huge\"><\/div><div class=\"wpb_text_column us_custom_a3d74c02 has_text_color\"><div class=\"wpb_wrapper\"><h1>Autovermietung Torrox<\/h1>\n<\/div><\/div><div class=\"w-separator size_small\"><\/div><div class=\"wpb_text_column us_custom_d9896d7d\"><div class=\"wpb_wrapper\"><article class=\"text-token-text-primary w-full focus:outline-none &#091;--shadow-height:45px&#093; has-data-writing-block:pointer-events-none has-data-writing-block:-mt-(--shadow-height) has-data-writing-block:pt-(--shadow-height) &#091;&amp;:has(&#091;data-writing-block&#093;)&gt;*&#093;:pointer-events-auto scroll-mt-(--header-height)\" dir=\"auto\" tabindex=\"-1\" data-turn-id=\"a178883f-a499-4ef2-9cd0-e030a911ab7e\" data-testid=\"conversation-turn-9\" data-scroll-anchor=\"false\" data-turn=\"user\"><\/article>\n<article class=\"text-token-text-primary w-full focus:outline-none &#091;--shadow-height:45px&#093; has-data-writing-block:pointer-events-none has-data-writing-block:-mt-(--shadow-height) has-data-writing-block:pt-(--shadow-height) &#091;&amp;:has(&#091;data-writing-block&#093;)&gt;*&#093;:pointer-events-auto scroll-mt-&#091;calc(var(--header-height)+min(200px,max(70px,20svh)))&#093;\" dir=\"auto\" tabindex=\"-1\" data-turn-id=\"da491cf1-6958-4bf9-a924-611a632a45fa\" data-testid=\"conversation-turn-10\" data-scroll-anchor=\"true\" data-turn=\"assistant\">\n<div class=\"text-base my-auto mx-auto pb-10 &#091;--thread-content-margin:--spacing(4)&#093; @w-sm\/main:&#091;--thread-content-margin:--spacing(6)&#093; @w-lg\/main:&#091;--thread-content-margin:--spacing(16)&#093; px-(--thread-content-margin)\">\n<div class=\"&#091;--thread-content-max-width:40rem&#093; @w-lg\/main:&#091;--thread-content-max-width:48rem&#093; mx-auto max-w-(--thread-content-max-width) flex-1 group\/turn-messages focus-visible:outline-hidden relative flex w-full min-w-0 flex-col agent-turn\" tabindex=\"-1\">\n<div class=\"flex max-w-full flex-col grow\">\n<div class=\"min-h-8 text-message relative flex w-full flex-col items-end gap-2 text-start break-words whitespace-normal &#091;.text-message+&amp;&#093;:mt-1\" dir=\"auto\" data-message-author-role=\"assistant\" data-message-id=\"06ac79ed-9d19-4232-843a-213ceb94f2b3\" data-message-model-slug=\"gpt-5-2\">\n<div class=\"flex w-full flex-col gap-1 empty:hidden first:pt-&#091;1px&#093;\">\n<div class=\"markdown prose dark:prose-invert w-full wrap-break-word light markdown-new-styling\">\n<h2>Komfort und Vertrauen mit unserem Mietwagenservice in Torrox<\/h2>\n<\/div>\n<\/div>\n<\/div>\n<\/div>\n<\/div>\n<\/div>\n<\/article>\n<\/div><\/div><div class=\"wpb_text_column\"><div class=\"wpb_wrapper\"><p>Wenn Sie einen Mietwagen in Torrox suchen, bietet Ihnen <a href=\"https:\/\/www.miamicarhire.com\/de\/autovermietung-malaga-hafen\" target=\"_blank\" rel=\"noopener\">Miami Car Hire<\/a> einen flexiblen und pers\u00f6nlichen Service, der perfekt auf Ihre Reise abgestimmt ist. Entdecken Sie die \u00f6stliche Costa del Sol ganz entspannt mit einem Fahrzeug aus unserer vielseitigen Flotte.<\/p>\n<p>Wir bieten einen bequemen Bring- und Abholservice in Torrox, damit Sie Ihr Fahrzeug ohne Aufwand \u00fcbernehmen k\u00f6nnen. Zus\u00e4tzlich stehen Ihnen flexible Optionen an wichtigen Verkehrspunkten wie dem <a href=\"https:\/\/www.miamicarhire.com\/de\/autovermietung-flughafen-malaga\" target=\"_blank\" rel=\"noopener\">Flughafen M\u00e1laga<\/a>, dem <a href=\"https:\/\/www.miamicarhire.com\/de\/mietwagen-bahnhof-malaga\" target=\"_blank\" rel=\"noopener\">Bahnhof Mar\u00eda Zambrano<\/a> und dem <a href=\"https:\/\/www.miamicarhire.com\/de\/autovermietung-malaga-hafen\" target=\"_blank\" rel=\"noopener\">Hafen von M\u00e1laga<\/a> zur Verf\u00fcgung. Unser Ziel ist es, Ihnen einen schnellen und unkomplizierten Start in Ihre Reise zu erm\u00f6glichen.<\/p>\n<\/div><\/div><div class=\"w-separator size_huge\"><\/div><\/div><\/div><\/div><div class=\"vc_col-sm-6 wpb_column vc_column_container\"><div class=\"vc_column-inner\"><div class=\"wpb_wrapper\"><div class=\"w-separator size_small\"><\/div>[vc_raw_html css=&#8220;%7B%22default%22%3A%7B%22height%22%3A%22100%25%22%7D%7D&#8220;]JTNDaWZyYW1lJTIwdGl0bGUlM0QlMjJtb3RvciUyMiUyMHNyYyUzRCUyMmh0dHBzJTNBJTJGJTJGcmVzZXJ2YXMubWlhbWljYXJoaXJlLmNvbSUyRiUzRnNlYXJjaCUzRDElMjZhbXAlM0JpZGlvbWElM0RkZSUyMiUyMHdpZHRoJTNEJTIyMTAwJTI1JTIyJTIwaGVpZ2h0JTNEJTIyNDIwcHglMjIlMjBjbGFzcyUzRCUyMnB0LSU1QjhweCU1RCUyMiUyMGZyYW1lYm9yZGVyJTNEJTIyMCUyMiUzRSUzQyUyRmlmcmFtZSUzRQ==[\/vc_raw_html]<div class=\"w-separator size_small\"><\/div><\/div><\/div><\/div><\/div><\/div><\/section><section class=\"l-section wpb_row height_large width_custom\" style=\"--site-content-width:1600px;\"><div class=\"l-section-h i-cf\"><div class=\"g-cols vc_row via_flex valign_middle type_default stacking_default\" style=\"--additional-gap:1.5rem;\"><div class=\"vc_col-sm-6 wpb_column vc_column_container\"><div class=\"vc_column-inner\"><div class=\"wpb_wrapper\">[vc_custom_heading text=&#8220;Ihre Vorteile bei der Anmietung&#8220; use_theme_fonts=&#8220;yes&#8220; css=&#8220;%7B%22default%22%3A%7B%22color%22%3A%22%234d94ff%22%2C%22font-size%22%3A%2224px%22%2C%22font-weight%22%3A%22600%22%7D%7D&#8220;]<div class=\"wpb_text_column us_custom_819cf935\"><div class=\"wpb_wrapper\"><p>Wenn Sie sich f\u00fcr einen Mietwagen in Torrox bei Miami Car Hire entscheiden, profitieren Sie von attraktiven Konditionen:<\/p>\n<ul>\n<li>Vollkaskoversicherung inklusive<\/li>\n<li>24-Stunden-Pannenhilfe<\/li>\n<li>Unbegrenzte Kilometer<\/li>\n<li>Zweiter Fahrer kostenlos<\/li>\n<li>Transparente Tankregelung<\/li>\n<\/ul>\n<p>Keine versteckten Kosten \u2013 f\u00fcr maximale Sicherheit und Transparenz.<\/p>\n<\/div><\/div><\/div><\/div><\/div><div class=\"vc_col-sm-6 wpb_column vc_column_container\"><div class=\"vc_column-inner\"><div class=\"wpb_wrapper\"><div class=\"w-image align_center\"><div class=\"w-image-h\"><img decoding=\"async\" width=\"500\" height=\"500\" src=\"https:\/\/www.miamicarhire.com\/wp-content\/uploads\/2024\/02\/fgmeet-11.svg\" class=\"attachment-us_500_500 size-us_500_500\" alt=\"meet\" loading=\"lazy\" \/><\/div><\/div><\/div><\/div><\/div><\/div><\/div><\/section><section class=\"l-section wpb_row us_custom_0d15be52 height_large width_custom\" style=\"--site-content-width:1600px;\"><div class=\"l-section-h i-cf\"><div class=\"g-cols vc_row via_flex valign_middle type_default stacking_default\" style=\"--additional-gap:1.5rem;\"><div class=\"vc_col-sm-6 wpb_column vc_column_container\"><div class=\"vc_column-inner\"><div class=\"wpb_wrapper\"><div class=\"w-image align_center\"><div class=\"w-image-h\"><img decoding=\"async\" width=\"500\" height=\"500\" src=\"https:\/\/www.miamicarhire.com\/wp-content\/uploads\/2024\/02\/08.svg\" class=\"attachment-us_500_500 size-us_500_500\" alt=\"meet\" loading=\"lazy\" \/><\/div><\/div><\/div><\/div><\/div><div class=\"vc_col-sm-6 wpb_column vc_column_container\"><div class=\"vc_column-inner\"><div class=\"wpb_wrapper\">[vc_custom_heading text=&#8220;ntdecken Sie Torrox und die Region Axarqu\u00eda&#8220; use_theme_fonts=&#8220;yes&#8220; css=&#8220;%7B%22default%22%3A%7B%22color%22%3A%22%234d94ff%22%2C%22font-size%22%3A%2224px%22%2C%22font-weight%22%3A%22600%22%7D%7D&#8220;]<div class=\"wpb_text_column us_custom_819cf935\"><div class=\"wpb_wrapper\"><p>Torrox ist bekannt f\u00fcr eines der besten Klimas Europas und somit das ganze Jahr \u00fcber ein ideales Reiseziel. Ruhige Str\u00e4nde, eine sch\u00f6ne Promenade und das typisch andalusische Flair von Torrox Pueblo mit seinen wei\u00dfen H\u00e4usern und dem Blick auf das Mittelmeer machen diesen Ort besonders reizvoll.<\/p>\n<p>Mit einem Mietwagen k\u00f6nnen Sie au\u00dferdem bequem Ausfl\u00fcge nach Nerja, Frigiliana oder in die beeindruckende Landschaft der Axarqu\u00eda unternehmen.<\/p>\n<\/div><\/div><\/div><\/div><\/div><\/div><\/div><\/section><section class=\"l-section wpb_row height_medium width_custom\" style=\"--site-content-width:1400px;\"><div class=\"l-section-h i-cf\"><div class=\"g-cols vc_row via_flex valign_middle type_default stacking_default\" style=\"--additional-gap:1.5rem;\"><div class=\"vc_col-sm-6 wpb_column vc_column_container\"><div class=\"vc_column-inner\"><div class=\"wpb_wrapper\"><div class=\"w-image align_none\"><div class=\"w-image-h\"><img decoding=\"async\" width=\"400\" height=\"267\" src=\"https:\/\/www.miamicarhire.com\/wp-content\/uploads\/2024\/02\/keys-hands-redu-400x267.jpg\" class=\"attachment-us_400_400 size-us_400_400\" alt=\"malaga\" loading=\"lazy\" \/><\/div><\/div><\/div><\/div><\/div><div class=\"vc_col-sm-6 wpb_column vc_column_container\"><div class=\"vc_column-inner\"><div class=\"wpb_wrapper\">[vc_custom_heading text=&#8220;Ihr Mietwagen \u2013 startklar f\u00fcr Ihre Reise&#8220; use_theme_fonts=&#8220;yes&#8220; css=&#8220;%7B%22default%22%3A%7B%22color%22%3A%22%234d94ff%22%2C%22font-size%22%3A%2224px%22%2C%22font-weight%22%3A%22600%22%7D%7D&#8220;]<div class=\"wpb_text_column us_custom_2dc9c880\"><div class=\"wpb_wrapper\"><p>Bei Miami Car Hire sorgen wir daf\u00fcr, dass Ihr Mietwagen in Torrox p\u00fcnktlich f\u00fcr Sie bereitsteht. Unser Team k\u00fcmmert sich um alle Details, damit Sie Ihre Reise stressfrei beginnen k\u00f6nnen.<\/p>\n<p>Buchen Sie jetzt und genie\u00dfen Sie einen zuverl\u00e4ssigen Service, der Ihnen maximale Flexibilit\u00e4t w\u00e4hrend Ihres Aufenthalts an der Costa del Sol bietet.<\/p>\n<\/div><\/div><div class=\"w-separator size_small\"><\/div><div class=\"w-btn-wrapper align_none\"><a class=\"w-btn us-btn-style_1\" href=\"https:\/\/reservas.miamicarhire.com\/?idioma=de\"><span class=\"w-btn-label\">Reservieren<\/span><\/a><\/div><\/div><\/div><\/div><\/div><\/div><\/section>\n","protected":false},"excerpt":{"rendered":"Autovermietung Torrox Komfort und Vertrauen mit unserem Mietwagenservice in Torrox Wenn Sie einen Mietwagen in Torrox suchen, bietet Ihnen Miami Car Hire einen flexiblen und pers\u00f6nlichen Service, der perfekt auf Ihre Reise abgestimmt ist. Entdecken Sie die \u00f6stliche Costa del Sol ganz entspannt mit einem Fahrzeug aus unserer vielseitigen Flotte. Wir bieten einen bequemen Bring-...","protected":false},"author":1,"featured_media":20697,"parent":0,"menu_order":0,"comment_status":"closed","ping_status":"closed","template":"","meta":{"_acf_changed":false,"inline_featured_image":false,"footnotes":""},"class_list":["post-23726","page","type-page","status-publish","has-post-thumbnail","hentry"],"acf":[],"yoast_head":"<!-- This site is optimized with the Yoast SEO plugin v27.5 - https:\/\/yoast.com\/product\/yoast-seo-wordpress\/ -->\n<title>Mietwagen Torrox | Miami Car Hire<\/title>\n<meta name=\"description\" content=\"Mieten Sie ein Auto in Torrox bei: schneller, zuverl\u00e4ssiger Service zum besten Preis. Buchen Sie noch heute und genie\u00dfen Sie uneingeschr\u00e4nkte Bewegungsfreiheit.\" \/>\n<meta name=\"robots\" content=\"index, follow, max-snippet:-1, max-image-preview:large, max-video-preview:-1\" \/>\n<link rel=\"canonical\" href=\"https:\/\/www.miamicarhire.com\/de\/autovermietung-fuengirola\" \/>\n<meta property=\"og:locale\" content=\"de_DE\" \/>\n<meta property=\"og:type\" content=\"article\" \/>\n<meta property=\"og:title\" content=\"Mietwagen Torrox | Miami Car Hire\" \/>\n<meta property=\"og:description\" content=\"Mieten Sie ein Auto in Torrox bei: schneller, zuverl\u00e4ssiger Service zum besten Preis. Buchen Sie noch heute und genie\u00dfen Sie uneingeschr\u00e4nkte Bewegungsfreiheit.\" \/>\n<meta property=\"og:url\" content=\"https:\/\/www.miamicarhire.com\/de\/autovermietung-fuengirola\" \/>\n<meta property=\"og:site_name\" content=\"\ud83e\udd47Car Rental in M\u00e1laga | Cheap car rentals | Miami Car Hire\" \/>\n<meta property=\"article:modified_time\" content=\"2026-05-03T12:39:37+00:00\" \/>\n<meta property=\"og:image\" content=\"https:\/\/www.miamicarhire.com\/wp-content\/uploads\/2026\/02\/handsome-elegant-man-car-salon-1-scaled.jpg\" \/>\n\t<meta property=\"og:image:width\" content=\"1920\" \/>\n\t<meta property=\"og:image:height\" content=\"1281\" \/>\n\t<meta property=\"og:image:type\" content=\"image\/jpeg\" \/>\n<meta name=\"twitter:card\" content=\"summary_large_image\" \/>\n<meta name=\"twitter:label1\" content=\"Gesch\u00e4tzte Lesezeit\" \/>\n\t<meta name=\"twitter:data1\" content=\"2\u00a0Minuten\" \/>\n<script type=\"application\/ld+json\" class=\"yoast-schema-graph\">{\"@context\":\"https:\\\/\\\/schema.org\",\"@graph\":[{\"@type\":\"WebPage\",\"@id\":\"https:\\\/\\\/www.miamicarhire.com\\\/de\\\/mietwagen-torrox\",\"url\":\"https:\\\/\\\/www.miamicarhire.com\\\/de\\\/autovermietung-fuengirola\",\"name\":\"Mietwagen Torrox | Miami Car Hire\",\"isPartOf\":{\"@id\":\"https:\\\/\\\/www.miamicarhire.com\\\/de\\\/#website\"},\"primaryImageOfPage\":{\"@id\":\"https:\\\/\\\/www.miamicarhire.com\\\/de\\\/autovermietung-fuengirola#primaryimage\"},\"image\":{\"@id\":\"https:\\\/\\\/www.miamicarhire.com\\\/de\\\/autovermietung-fuengirola#primaryimage\"},\"thumbnailUrl\":\"https:\\\/\\\/www.miamicarhire.com\\\/wp-content\\\/uploads\\\/2026\\\/02\\\/handsome-elegant-man-car-salon-1-scaled.jpg\",\"datePublished\":\"2026-05-03T12:19:20+00:00\",\"dateModified\":\"2026-05-03T12:39:37+00:00\",\"description\":\"Mieten Sie ein Auto in Torrox bei: schneller, zuverl\u00e4ssiger Service zum besten Preis. Buchen Sie noch heute und genie\u00dfen Sie uneingeschr\u00e4nkte Bewegungsfreiheit.\",\"breadcrumb\":{\"@id\":\"https:\\\/\\\/www.miamicarhire.com\\\/de\\\/autovermietung-fuengirola#breadcrumb\"},\"inLanguage\":\"de\",\"potentialAction\":[{\"@type\":\"ReadAction\",\"target\":[\"https:\\\/\\\/www.miamicarhire.com\\\/de\\\/autovermietung-fuengirola\"]}]},{\"@type\":\"ImageObject\",\"inLanguage\":\"de\",\"@id\":\"https:\\\/\\\/www.miamicarhire.com\\\/de\\\/autovermietung-fuengirola#primaryimage\",\"url\":\"https:\\\/\\\/www.miamicarhire.com\\\/wp-content\\\/uploads\\\/2026\\\/02\\\/handsome-elegant-man-car-salon-1-scaled.jpg\",\"contentUrl\":\"https:\\\/\\\/www.miamicarhire.com\\\/wp-content\\\/uploads\\\/2026\\\/02\\\/handsome-elegant-man-car-salon-1-scaled.jpg\",\"width\":1920,\"height\":1281,\"caption\":\"coches de alquiler en mijas\"},{\"@type\":\"BreadcrumbList\",\"@id\":\"https:\\\/\\\/www.miamicarhire.com\\\/de\\\/autovermietung-fuengirola#breadcrumb\",\"itemListElement\":[{\"@type\":\"ListItem\",\"position\":1,\"name\":\"Portada\",\"item\":\"https:\\\/\\\/www.miamicarhire.com\\\/de\"},{\"@type\":\"ListItem\",\"position\":2,\"name\":\"Mietwagen Torrox\"}]},{\"@type\":\"WebSite\",\"@id\":\"https:\\\/\\\/www.miamicarhire.com\\\/de\\\/#website\",\"url\":\"https:\\\/\\\/www.miamicarhire.com\\\/de\\\/\",\"name\":\"\ud83e\udd47Car Rental in M\u00e1laga | Cheap car rentals |Miami Car Hire\",\"description\":\"Miami Car Hire | Easy Rent a Car in Fuengirola and Malaga\",\"potentialAction\":[{\"@type\":\"SearchAction\",\"target\":{\"@type\":\"EntryPoint\",\"urlTemplate\":\"https:\\\/\\\/www.miamicarhire.com\\\/de\\\/?s={search_term_string}\"},\"query-input\":{\"@type\":\"PropertyValueSpecification\",\"valueRequired\":true,\"valueName\":\"search_term_string\"}}],\"inLanguage\":\"de\"}]}<\/script>\n<!-- \/ Yoast SEO plugin. -->","yoast_head_json":{"title":"Mietwagen Torrox | Miami Car Hire","description":"Mieten Sie ein Auto in Torrox bei: schneller, zuverl\u00e4ssiger Service zum besten Preis. Buchen Sie noch heute und genie\u00dfen Sie uneingeschr\u00e4nkte Bewegungsfreiheit.","robots":{"index":"index","follow":"follow","max-snippet":"max-snippet:-1","max-image-preview":"max-image-preview:large","max-video-preview":"max-video-preview:-1"},"canonical":"https:\/\/www.miamicarhire.com\/de\/autovermietung-fuengirola","og_locale":"de_DE","og_type":"article","og_title":"Mietwagen Torrox | Miami Car Hire","og_description":"Mieten Sie ein Auto in Torrox bei: schneller, zuverl\u00e4ssiger Service zum besten Preis. Buchen Sie noch heute und genie\u00dfen Sie uneingeschr\u00e4nkte Bewegungsfreiheit.","og_url":"https:\/\/www.miamicarhire.com\/de\/autovermietung-fuengirola","og_site_name":"\ud83e\udd47Car Rental in M\u00e1laga | Cheap car rentals | Miami Car Hire","article_modified_time":"2026-05-03T12:39:37+00:00","og_image":[{"width":1920,"height":1281,"url":"https:\/\/www.miamicarhire.com\/wp-content\/uploads\/2026\/02\/handsome-elegant-man-car-salon-1-scaled.jpg","type":"image\/jpeg"}],"twitter_card":"summary_large_image","twitter_misc":{"Gesch\u00e4tzte Lesezeit":"2\u00a0Minuten"},"schema":{"@context":"https:\/\/schema.org","@graph":[{"@type":"WebPage","@id":"https:\/\/www.miamicarhire.com\/de\/mietwagen-torrox","url":"https:\/\/www.miamicarhire.com\/de\/autovermietung-fuengirola","name":"Mietwagen Torrox | Miami Car Hire","isPartOf":{"@id":"https:\/\/www.miamicarhire.com\/de\/#website"},"primaryImageOfPage":{"@id":"https:\/\/www.miamicarhire.com\/de\/autovermietung-fuengirola#primaryimage"},"image":{"@id":"https:\/\/www.miamicarhire.com\/de\/autovermietung-fuengirola#primaryimage"},"thumbnailUrl":"https:\/\/www.miamicarhire.com\/wp-content\/uploads\/2026\/02\/handsome-elegant-man-car-salon-1-scaled.jpg","datePublished":"2026-05-03T12:19:20+00:00","dateModified":"2026-05-03T12:39:37+00:00","description":"Mieten Sie ein Auto in Torrox bei: schneller, zuverl\u00e4ssiger Service zum besten Preis. Buchen Sie noch heute und genie\u00dfen Sie uneingeschr\u00e4nkte Bewegungsfreiheit.","breadcrumb":{"@id":"https:\/\/www.miamicarhire.com\/de\/autovermietung-fuengirola#breadcrumb"},"inLanguage":"de","potentialAction":[{"@type":"ReadAction","target":["https:\/\/www.miamicarhire.com\/de\/autovermietung-fuengirola"]}]},{"@type":"ImageObject","inLanguage":"de","@id":"https:\/\/www.miamicarhire.com\/de\/autovermietung-fuengirola#primaryimage","url":"https:\/\/www.miamicarhire.com\/wp-content\/uploads\/2026\/02\/handsome-elegant-man-car-salon-1-scaled.jpg","contentUrl":"https:\/\/www.miamicarhire.com\/wp-content\/uploads\/2026\/02\/handsome-elegant-man-car-salon-1-scaled.jpg","width":1920,"height":1281,"caption":"coches de alquiler en mijas"},{"@type":"BreadcrumbList","@id":"https:\/\/www.miamicarhire.com\/de\/autovermietung-fuengirola#breadcrumb","itemListElement":[{"@type":"ListItem","position":1,"name":"Portada","item":"https:\/\/www.miamicarhire.com\/de"},{"@type":"ListItem","position":2,"name":"Mietwagen Torrox"}]},{"@type":"WebSite","@id":"https:\/\/www.miamicarhire.com\/de\/#website","url":"https:\/\/www.miamicarhire.com\/de\/","name":"\ud83e\udd47Car Rental in M\u00e1laga | Cheap car rentals |Miami Car Hire","description":"Miami Car Hire | Easy Rent a Car in Fuengirola and Malaga","potentialAction":[{"@type":"SearchAction","target":{"@type":"EntryPoint","urlTemplate":"https:\/\/www.miamicarhire.com\/de\/?s={search_term_string}"},"query-input":{"@type":"PropertyValueSpecification","valueRequired":true,"valueName":"search_term_string"}}],"inLanguage":"de"}]}},"_links":{"self":[{"href":"https:\/\/www.miamicarhire.com\/de\/wp-json\/wp\/v2\/pages\/23726","targetHints":{"allow":["GET"]}}],"collection":[{"href":"https:\/\/www.miamicarhire.com\/de\/wp-json\/wp\/v2\/pages"}],"about":[{"href":"https:\/\/www.miamicarhire.com\/de\/wp-json\/wp\/v2\/types\/page"}],"author":[{"embeddable":true,"href":"https:\/\/www.miamicarhire.com\/de\/wp-json\/wp\/v2\/users\/1"}],"replies":[{"embeddable":true,"href":"https:\/\/www.miamicarhire.com\/de\/wp-json\/wp\/v2\/comments?post=23726"}],"version-history":[{"count":3,"href":"https:\/\/www.miamicarhire.com\/de\/wp-json\/wp\/v2\/pages\/23726\/revisions"}],"predecessor-version":[{"id":23736,"href":"https:\/\/www.miamicarhire.com\/de\/wp-json\/wp\/v2\/pages\/23726\/revisions\/23736"}],"wp:featuredmedia":[{"embeddable":true,"href":"https:\/\/www.miamicarhire.com\/de\/wp-json\/wp\/v2\/media\/20697"}],"wp:attachment":[{"href":"https:\/\/www.miamicarhire.com\/de\/wp-json\/wp\/v2\/media?parent=23726"}],"curies":[{"name":"wp","href":"https:\/\/api.w.org\/{rel}","templated":true}]}}