{"id":21268,"date":"2026-03-30T21:18:59","date_gmt":"2026-03-30T19:18:59","guid":{"rendered":"https:\/\/www.miamicarhire.com\/?page_id=21268"},"modified":"2026-05-03T14:40:19","modified_gmt":"2026-05-03T12:40:19","slug":"mietwagen-nerja-2","status":"publish","type":"page","link":"https:\/\/www.miamicarhire.com\/de\/mietwagen-estepona","title":{"rendered":"Mietwagen Estepona"},"content":{"rendered":"<section class=\"l-section wpb_row height_auto width_full\"><div class=\"l-section-h i-cf\"><div class=\"g-cols vc_row via_flex valign_middle type_default stacking_default\"><div class=\"vc_col-sm-6 wpb_column vc_column_container has_bg_color\"><div class=\"vc_column-inner us_custom_80948486\"><div class=\"wpb_wrapper\"><div class=\"w-separator size_huge\"><\/div><div class=\"wpb_text_column us_custom_a3d74c02 has_text_color\"><div class=\"wpb_wrapper\"><h1>Autovermietung Estepona<\/h1>\n<\/div><\/div><div class=\"w-separator size_small\"><\/div><div class=\"wpb_text_column us_custom_d9896d7d\"><div class=\"wpb_wrapper\"><article class=\"text-token-text-primary w-full focus:outline-none &#091;--shadow-height:45px&#093; has-data-writing-block:pointer-events-none has-data-writing-block:-mt-(--shadow-height) has-data-writing-block:pt-(--shadow-height) &#091;&amp;:has(&#091;data-writing-block&#093;)&gt;*&#093;:pointer-events-auto scroll-mt-(--header-height)\" dir=\"auto\" tabindex=\"-1\" data-turn-id=\"a178883f-a499-4ef2-9cd0-e030a911ab7e\" data-testid=\"conversation-turn-9\" data-scroll-anchor=\"false\" data-turn=\"user\"><\/article>\n<article class=\"text-token-text-primary w-full focus:outline-none &#091;--shadow-height:45px&#093; has-data-writing-block:pointer-events-none has-data-writing-block:-mt-(--shadow-height) has-data-writing-block:pt-(--shadow-height) &#091;&amp;:has(&#091;data-writing-block&#093;)&gt;*&#093;:pointer-events-auto scroll-mt-&#091;calc(var(--header-height)+min(200px,max(70px,20svh)))&#093;\" dir=\"auto\" tabindex=\"-1\" data-turn-id=\"da491cf1-6958-4bf9-a924-611a632a45fa\" data-testid=\"conversation-turn-10\" data-scroll-anchor=\"true\" data-turn=\"assistant\">\n<div class=\"text-base my-auto mx-auto pb-10 &#091;--thread-content-margin:--spacing(4)&#093; @w-sm\/main:&#091;--thread-content-margin:--spacing(6)&#093; @w-lg\/main:&#091;--thread-content-margin:--spacing(16)&#093; px-(--thread-content-margin)\">\n<div class=\"&#091;--thread-content-max-width:40rem&#093; @w-lg\/main:&#091;--thread-content-max-width:48rem&#093; mx-auto max-w-(--thread-content-max-width) flex-1 group\/turn-messages focus-visible:outline-hidden relative flex w-full min-w-0 flex-col agent-turn\" tabindex=\"-1\">\n<div class=\"flex max-w-full flex-col grow\">\n<div class=\"min-h-8 text-message relative flex w-full flex-col items-end gap-2 text-start break-words whitespace-normal &#091;.text-message+&amp;&#093;:mt-1\" dir=\"auto\" data-message-author-role=\"assistant\" data-message-id=\"06ac79ed-9d19-4232-843a-213ceb94f2b3\" data-message-model-slug=\"gpt-5-2\">\n<div class=\"flex w-full flex-col gap-1 empty:hidden first:pt-&#091;1px&#093;\">\n<div class=\"markdown prose dark:prose-invert w-full wrap-break-word light markdown-new-styling\">\n<h2>Ihre Vorteile bei der Autovermietung in Estepona<\/h2>\n<\/div>\n<\/div>\n<\/div>\n<\/div>\n<\/div>\n<\/div>\n<\/article>\n<\/div><\/div><div class=\"wpb_text_column\"><div class=\"wpb_wrapper\"><p>Wenn Sie einen Mietwagen in Estepona suchen, ist <a href=\"https:\/\/www.miamicarhire.com\/de\/\" target=\"_blank\" rel=\"noopener\">Miami Car Hire<\/a> die ideale Wahl. Wir bieten Ihnen einen unkomplizierten und zuverl\u00e4ssigen Service in einer der beliebtesten Regionen der Costa del Sol. Estepona begeistert mit mediterranem Flair und einer hervorragenden Anbindung an umliegende Orte \u2013 der perfekte Ausgangspunkt f\u00fcr Ihre Reise.<\/p>\n<p>Unsere Fahrzeugflotte umfasst Modelle f\u00fcr jeden Bedarf \u2013 vom g\u00fcnstigen Kleinwagen bis hin zu Familien- und Premiumfahrzeugen. Alle Anmietungen beinhalten eine Vollkaskoversicherung ohne Selbstbeteiligung, 24-Stunden-Pannenhilfe, unbegrenzte Kilometer sowie einen zus\u00e4tzlichen Fahrer ohne Aufpreis. Zudem profitieren Sie von einer fairen Tankregelung ohne versteckte Kosten.<\/p>\n<\/div><\/div><div class=\"w-separator size_huge\"><\/div><\/div><\/div><\/div><div class=\"vc_col-sm-6 wpb_column vc_column_container\"><div class=\"vc_column-inner\"><div class=\"wpb_wrapper\"><div class=\"w-separator size_small\"><\/div>[vc_raw_html css=&#8220;%7B%22default%22%3A%7B%22height%22%3A%22100%25%22%7D%7D&#8220;]JTNDaWZyYW1lJTIwdGl0bGUlM0QlMjJtb3RvciUyMiUyMHNyYyUzRCUyMmh0dHBzJTNBJTJGJTJGcmVzZXJ2YXMubWlhbWljYXJoaXJlLmNvbSUyRiUzRnNlYXJjaCUzRDElMjZhbXAlM0JpZGlvbWElM0RkZSUyMiUyMHdpZHRoJTNEJTIyMTAwJTI1JTIyJTIwaGVpZ2h0JTNEJTIyNDIwcHglMjIlMjBjbGFzcyUzRCUyMnB0LSU1QjhweCU1RCUyMiUyMGZyYW1lYm9yZGVyJTNEJTIyMCUyMiUzRSUzQyUyRmlmcmFtZSUzRQ==[\/vc_raw_html]<div class=\"w-separator size_small\"><\/div><\/div><\/div><\/div><\/div><\/div><\/section><section class=\"l-section wpb_row height_large width_custom\" style=\"--site-content-width:1600px;\"><div class=\"l-section-h i-cf\"><div class=\"g-cols vc_row via_flex valign_middle type_default stacking_default\" style=\"--additional-gap:1.5rem;\"><div class=\"vc_col-sm-6 wpb_column vc_column_container\"><div class=\"vc_column-inner\"><div class=\"wpb_wrapper\">[vc_custom_heading text=&#8220;Flexible Abholung und R\u00fcckgabe&#8220; use_theme_fonts=&#8220;yes&#8220; css=&#8220;%7B%22default%22%3A%7B%22color%22%3A%22%234d94ff%22%2C%22font-size%22%3A%2224px%22%2C%22font-weight%22%3A%22600%22%7D%7D&#8220;]<div class=\"wpb_text_column us_custom_819cf935\"><div class=\"wpb_wrapper\"><p>F\u00fcr maximalen Komfort bieten wir Ihnen die M\u00f6glichkeit, Ihr Fahrzeug an verschiedenen Orten ohne Zusatzkosten abzuholen oder zur\u00fcckzugeben. Dazu geh\u00f6ren der <a href=\"https:\/\/www.miamicarhire.com\/de\/autovermietung-flughafen-malaga\" target=\"_blank\" rel=\"noopener\">Flughafen M\u00e1laga<\/a>, der <a href=\"https:\/\/www.miamicarhire.com\/de\/mietwagen-bahnhof-malaga\" target=\"_blank\" rel=\"noopener\">Bahnhof Mar\u00eda Zambrano<\/a> sowie der <a href=\"https:\/\/www.miamicarhire.com\/de\/autovermietung-malaga-hafen\" target=\"_blank\" rel=\"noopener\">Hafen von M\u00e1laga<\/a> \u2013 so beginnt und endet Ihre Reise ganz entspannt.<\/p>\n<\/div><\/div><\/div><\/div><\/div><div class=\"vc_col-sm-6 wpb_column vc_column_container\"><div class=\"vc_column-inner\"><div class=\"wpb_wrapper\"><div class=\"w-image align_center\"><div class=\"w-image-h\"><img decoding=\"async\" width=\"500\" height=\"500\" src=\"https:\/\/www.miamicarhire.com\/wp-content\/uploads\/2024\/02\/fgmeet-11.svg\" class=\"attachment-us_500_500 size-us_500_500\" alt=\"meet\" loading=\"lazy\" \/><\/div><\/div><\/div><\/div><\/div><\/div><\/div><\/section><section class=\"l-section wpb_row us_custom_0d15be52 height_large width_custom\" style=\"--site-content-width:1600px;\"><div class=\"l-section-h i-cf\"><div class=\"g-cols vc_row via_flex valign_middle type_default stacking_default\" style=\"--additional-gap:1.5rem;\"><div class=\"vc_col-sm-6 wpb_column vc_column_container\"><div class=\"vc_column-inner\"><div class=\"wpb_wrapper\"><div class=\"w-image align_center\"><div class=\"w-image-h\"><img decoding=\"async\" width=\"500\" height=\"500\" src=\"https:\/\/www.miamicarhire.com\/wp-content\/uploads\/2024\/02\/08.svg\" class=\"attachment-us_500_500 size-us_500_500\" alt=\"meet\" loading=\"lazy\" \/><\/div><\/div><\/div><\/div><\/div><div class=\"vc_col-sm-6 wpb_column vc_column_container\"><div class=\"vc_column-inner\"><div class=\"wpb_wrapper\">[vc_custom_heading text=&#8220;Entdecken Sie Estepona und die Umgebung&#8220; use_theme_fonts=&#8220;yes&#8220; css=&#8220;%7B%22default%22%3A%7B%22color%22%3A%22%234d94ff%22%2C%22font-size%22%3A%2224px%22%2C%22font-weight%22%3A%22600%22%7D%7D&#8220;]<div class=\"wpb_text_column us_custom_819cf935\"><div class=\"wpb_wrapper\"><p>Estepona ist bekannt f\u00fcr seine malerische Altstadt mit blumengeschm\u00fcckten Gassen, weitl\u00e4ufige Str\u00e4nde und eine entspannte Atmosph\u00e4re. Ob als Paar, mit der Familie oder mit Freunden \u2013 die Stadt bietet f\u00fcr jeden etwas. Besonders sehenswert sind das Orchideenhaus, der Yachthafen sowie die beeindruckende Route der Wandgem\u00e4lde.<\/p>\n<\/div><\/div><\/div><\/div><\/div><\/div><\/div><\/section><section class=\"l-section wpb_row height_medium width_custom\" style=\"--site-content-width:1400px;\"><div class=\"l-section-h i-cf\"><div class=\"g-cols vc_row via_flex valign_middle type_default stacking_default\" style=\"--additional-gap:1.5rem;\"><div class=\"vc_col-sm-6 wpb_column vc_column_container\"><div class=\"vc_column-inner\"><div class=\"wpb_wrapper\"><div class=\"w-image align_none\"><div class=\"w-image-h\"><img decoding=\"async\" width=\"400\" height=\"267\" src=\"https:\/\/www.miamicarhire.com\/wp-content\/uploads\/2024\/02\/keys-hands-redu-400x267.jpg\" class=\"attachment-us_400_400 size-us_400_400\" alt=\"malaga\" loading=\"lazy\" \/><\/div><\/div><\/div><\/div><\/div><div class=\"vc_col-sm-6 wpb_column vc_column_container\"><div class=\"vc_column-inner\"><div class=\"wpb_wrapper\">[vc_custom_heading text=&#8220;Ihr Fahrzeug steht f\u00fcr Sie bereit&#8220; use_theme_fonts=&#8220;yes&#8220; css=&#8220;%7B%22default%22%3A%7B%22color%22%3A%22%234d94ff%22%2C%22font-size%22%3A%2224px%22%2C%22font-weight%22%3A%22600%22%7D%7D&#8220;]<div class=\"wpb_text_column us_custom_2dc9c880\"><div class=\"wpb_wrapper\"><p>Unser Team sorgt daf\u00fcr, dass Ihr Mietwagen p\u00fcnktlich und fahrbereit f\u00fcr Sie zur Verf\u00fcgung steht. So k\u00f6nnen Sie Ihre Reise ohne Verz\u00f6gerung beginnen. Wir setzen auf einen schnellen, transparenten und kundenorientierten Service.<\/p>\n<p>Mit Miami Car Hire entscheiden Sie sich f\u00fcr einen erfahrenen und vertrauensw\u00fcrdigen Anbieter. Genie\u00dfen Sie maximale Freiheit und ein ausgezeichnetes Preis-Leistungs-Verh\u00e4ltnis bei Ihrer Autovermietung in Estepona.<\/p>\n<\/div><\/div><div class=\"w-separator size_small\"><\/div><div class=\"w-btn-wrapper align_none\"><a class=\"w-btn us-btn-style_1\" href=\"https:\/\/reservas.miamicarhire.com\/?idioma=de\"><span class=\"w-btn-label\">Reservieren<\/span><\/a><\/div><\/div><\/div><\/div><\/div><\/div><\/section>\n","protected":false},"excerpt":{"rendered":"Autovermietung Estepona Ihre Vorteile bei der Autovermietung in Estepona Wenn Sie einen Mietwagen in Estepona suchen, ist Miami Car Hire die ideale Wahl. Wir bieten Ihnen einen unkomplizierten und zuverl\u00e4ssigen Service in einer der beliebtesten Regionen der Costa del Sol. Estepona begeistert mit mediterranem Flair und einer hervorragenden Anbindung an umliegende Orte \u2013 der perfekte...","protected":false},"author":1,"featured_media":20697,"parent":0,"menu_order":0,"comment_status":"closed","ping_status":"closed","template":"","meta":{"_acf_changed":false,"inline_featured_image":false,"footnotes":""},"class_list":["post-21268","page","type-page","status-publish","has-post-thumbnail","hentry"],"acf":[],"yoast_head":"<!-- This site is optimized with the Yoast SEO plugin v27.5 - https:\/\/yoast.com\/product\/yoast-seo-wordpress\/ -->\n<title>Mietwagen Estepona | Miami Car Hire<\/title>\n<meta name=\"description\" content=\"Mieten Sie ein Auto in Estepona: schneller, zuverl\u00e4ssiger Service zum besten Preis. Buchen Sie noch heute und genie\u00dfen Sie uneingeschr\u00e4nkte Bewegungsfreiheit.\" \/>\n<meta name=\"robots\" content=\"index, follow, max-snippet:-1, max-image-preview:large, max-video-preview:-1\" \/>\n<link rel=\"canonical\" href=\"https:\/\/www.miamicarhire.com\/de\/autovermietung-fuengirola\" \/>\n<meta property=\"og:locale\" content=\"de_DE\" \/>\n<meta property=\"og:type\" content=\"article\" \/>\n<meta property=\"og:title\" content=\"Mietwagen Estepona | Miami Car Hire\" \/>\n<meta property=\"og:description\" content=\"Mieten Sie ein Auto in Estepona: schneller, zuverl\u00e4ssiger Service zum besten Preis. Buchen Sie noch heute und genie\u00dfen Sie uneingeschr\u00e4nkte Bewegungsfreiheit.\" \/>\n<meta property=\"og:url\" content=\"https:\/\/www.miamicarhire.com\/de\/autovermietung-fuengirola\" \/>\n<meta property=\"og:site_name\" content=\"\ud83e\udd47Car Rental in M\u00e1laga | Cheap car rentals | Miami Car Hire\" \/>\n<meta property=\"article:modified_time\" content=\"2026-05-03T12:40:19+00:00\" \/>\n<meta property=\"og:image\" content=\"https:\/\/www.miamicarhire.com\/wp-content\/uploads\/2026\/02\/handsome-elegant-man-car-salon-1-scaled.jpg\" \/>\n\t<meta property=\"og:image:width\" content=\"1920\" \/>\n\t<meta property=\"og:image:height\" content=\"1281\" \/>\n\t<meta property=\"og:image:type\" content=\"image\/jpeg\" \/>\n<meta name=\"twitter:card\" content=\"summary_large_image\" \/>\n<meta name=\"twitter:label1\" content=\"Gesch\u00e4tzte Lesezeit\" \/>\n\t<meta name=\"twitter:data1\" content=\"2\u00a0Minuten\" \/>\n<script type=\"application\/ld+json\" class=\"yoast-schema-graph\">{\"@context\":\"https:\\\/\\\/schema.org\",\"@graph\":[{\"@type\":\"WebPage\",\"@id\":\"https:\\\/\\\/www.miamicarhire.com\\\/de\\\/mietwagen-estepona\",\"url\":\"https:\\\/\\\/www.miamicarhire.com\\\/de\\\/autovermietung-fuengirola\",\"name\":\"Mietwagen Estepona | Miami Car Hire\",\"isPartOf\":{\"@id\":\"https:\\\/\\\/www.miamicarhire.com\\\/de\\\/#website\"},\"primaryImageOfPage\":{\"@id\":\"https:\\\/\\\/www.miamicarhire.com\\\/de\\\/autovermietung-fuengirola#primaryimage\"},\"image\":{\"@id\":\"https:\\\/\\\/www.miamicarhire.com\\\/de\\\/autovermietung-fuengirola#primaryimage\"},\"thumbnailUrl\":\"https:\\\/\\\/www.miamicarhire.com\\\/wp-content\\\/uploads\\\/2026\\\/02\\\/handsome-elegant-man-car-salon-1-scaled.jpg\",\"datePublished\":\"2026-03-30T19:18:59+00:00\",\"dateModified\":\"2026-05-03T12:40:19+00:00\",\"description\":\"Mieten Sie ein Auto in Estepona: schneller, zuverl\u00e4ssiger Service zum besten Preis. Buchen Sie noch heute und genie\u00dfen Sie uneingeschr\u00e4nkte Bewegungsfreiheit.\",\"breadcrumb\":{\"@id\":\"https:\\\/\\\/www.miamicarhire.com\\\/de\\\/autovermietung-fuengirola#breadcrumb\"},\"inLanguage\":\"de\",\"potentialAction\":[{\"@type\":\"ReadAction\",\"target\":[\"https:\\\/\\\/www.miamicarhire.com\\\/de\\\/autovermietung-fuengirola\"]}]},{\"@type\":\"ImageObject\",\"inLanguage\":\"de\",\"@id\":\"https:\\\/\\\/www.miamicarhire.com\\\/de\\\/autovermietung-fuengirola#primaryimage\",\"url\":\"https:\\\/\\\/www.miamicarhire.com\\\/wp-content\\\/uploads\\\/2026\\\/02\\\/handsome-elegant-man-car-salon-1-scaled.jpg\",\"contentUrl\":\"https:\\\/\\\/www.miamicarhire.com\\\/wp-content\\\/uploads\\\/2026\\\/02\\\/handsome-elegant-man-car-salon-1-scaled.jpg\",\"width\":1920,\"height\":1281,\"caption\":\"coches de alquiler en mijas\"},{\"@type\":\"BreadcrumbList\",\"@id\":\"https:\\\/\\\/www.miamicarhire.com\\\/de\\\/autovermietung-fuengirola#breadcrumb\",\"itemListElement\":[{\"@type\":\"ListItem\",\"position\":1,\"name\":\"Portada\",\"item\":\"https:\\\/\\\/www.miamicarhire.com\\\/de\"},{\"@type\":\"ListItem\",\"position\":2,\"name\":\"Mietwagen Estepona\"}]},{\"@type\":\"WebSite\",\"@id\":\"https:\\\/\\\/www.miamicarhire.com\\\/de\\\/#website\",\"url\":\"https:\\\/\\\/www.miamicarhire.com\\\/de\\\/\",\"name\":\"\ud83e\udd47Car Rental in M\u00e1laga | Cheap car rentals |Miami Car Hire\",\"description\":\"Miami Car Hire | Easy Rent a Car in Fuengirola and Malaga\",\"potentialAction\":[{\"@type\":\"SearchAction\",\"target\":{\"@type\":\"EntryPoint\",\"urlTemplate\":\"https:\\\/\\\/www.miamicarhire.com\\\/de\\\/?s={search_term_string}\"},\"query-input\":{\"@type\":\"PropertyValueSpecification\",\"valueRequired\":true,\"valueName\":\"search_term_string\"}}],\"inLanguage\":\"de\"}]}<\/script>\n<!-- \/ Yoast SEO plugin. -->","yoast_head_json":{"title":"Mietwagen Estepona | Miami Car Hire","description":"Mieten Sie ein Auto in Estepona: schneller, zuverl\u00e4ssiger Service zum besten Preis. Buchen Sie noch heute und genie\u00dfen Sie uneingeschr\u00e4nkte Bewegungsfreiheit.","robots":{"index":"index","follow":"follow","max-snippet":"max-snippet:-1","max-image-preview":"max-image-preview:large","max-video-preview":"max-video-preview:-1"},"canonical":"https:\/\/www.miamicarhire.com\/de\/autovermietung-fuengirola","og_locale":"de_DE","og_type":"article","og_title":"Mietwagen Estepona | Miami Car Hire","og_description":"Mieten Sie ein Auto in Estepona: schneller, zuverl\u00e4ssiger Service zum besten Preis. Buchen Sie noch heute und genie\u00dfen Sie uneingeschr\u00e4nkte Bewegungsfreiheit.","og_url":"https:\/\/www.miamicarhire.com\/de\/autovermietung-fuengirola","og_site_name":"\ud83e\udd47Car Rental in M\u00e1laga | Cheap car rentals | Miami Car Hire","article_modified_time":"2026-05-03T12:40:19+00:00","og_image":[{"width":1920,"height":1281,"url":"https:\/\/www.miamicarhire.com\/wp-content\/uploads\/2026\/02\/handsome-elegant-man-car-salon-1-scaled.jpg","type":"image\/jpeg"}],"twitter_card":"summary_large_image","twitter_misc":{"Gesch\u00e4tzte Lesezeit":"2\u00a0Minuten"},"schema":{"@context":"https:\/\/schema.org","@graph":[{"@type":"WebPage","@id":"https:\/\/www.miamicarhire.com\/de\/mietwagen-estepona","url":"https:\/\/www.miamicarhire.com\/de\/autovermietung-fuengirola","name":"Mietwagen Estepona | Miami Car Hire","isPartOf":{"@id":"https:\/\/www.miamicarhire.com\/de\/#website"},"primaryImageOfPage":{"@id":"https:\/\/www.miamicarhire.com\/de\/autovermietung-fuengirola#primaryimage"},"image":{"@id":"https:\/\/www.miamicarhire.com\/de\/autovermietung-fuengirola#primaryimage"},"thumbnailUrl":"https:\/\/www.miamicarhire.com\/wp-content\/uploads\/2026\/02\/handsome-elegant-man-car-salon-1-scaled.jpg","datePublished":"2026-03-30T19:18:59+00:00","dateModified":"2026-05-03T12:40:19+00:00","description":"Mieten Sie ein Auto in Estepona: schneller, zuverl\u00e4ssiger Service zum besten Preis. Buchen Sie noch heute und genie\u00dfen Sie uneingeschr\u00e4nkte Bewegungsfreiheit.","breadcrumb":{"@id":"https:\/\/www.miamicarhire.com\/de\/autovermietung-fuengirola#breadcrumb"},"inLanguage":"de","potentialAction":[{"@type":"ReadAction","target":["https:\/\/www.miamicarhire.com\/de\/autovermietung-fuengirola"]}]},{"@type":"ImageObject","inLanguage":"de","@id":"https:\/\/www.miamicarhire.com\/de\/autovermietung-fuengirola#primaryimage","url":"https:\/\/www.miamicarhire.com\/wp-content\/uploads\/2026\/02\/handsome-elegant-man-car-salon-1-scaled.jpg","contentUrl":"https:\/\/www.miamicarhire.com\/wp-content\/uploads\/2026\/02\/handsome-elegant-man-car-salon-1-scaled.jpg","width":1920,"height":1281,"caption":"coches de alquiler en mijas"},{"@type":"BreadcrumbList","@id":"https:\/\/www.miamicarhire.com\/de\/autovermietung-fuengirola#breadcrumb","itemListElement":[{"@type":"ListItem","position":1,"name":"Portada","item":"https:\/\/www.miamicarhire.com\/de"},{"@type":"ListItem","position":2,"name":"Mietwagen Estepona"}]},{"@type":"WebSite","@id":"https:\/\/www.miamicarhire.com\/de\/#website","url":"https:\/\/www.miamicarhire.com\/de\/","name":"\ud83e\udd47Car Rental in M\u00e1laga | Cheap car rentals |Miami Car Hire","description":"Miami Car Hire | Easy Rent a Car in Fuengirola and Malaga","potentialAction":[{"@type":"SearchAction","target":{"@type":"EntryPoint","urlTemplate":"https:\/\/www.miamicarhire.com\/de\/?s={search_term_string}"},"query-input":{"@type":"PropertyValueSpecification","valueRequired":true,"valueName":"search_term_string"}}],"inLanguage":"de"}]}},"_links":{"self":[{"href":"https:\/\/www.miamicarhire.com\/de\/wp-json\/wp\/v2\/pages\/21268","targetHints":{"allow":["GET"]}}],"collection":[{"href":"https:\/\/www.miamicarhire.com\/de\/wp-json\/wp\/v2\/pages"}],"about":[{"href":"https:\/\/www.miamicarhire.com\/de\/wp-json\/wp\/v2\/types\/page"}],"author":[{"embeddable":true,"href":"https:\/\/www.miamicarhire.com\/de\/wp-json\/wp\/v2\/users\/1"}],"replies":[{"embeddable":true,"href":"https:\/\/www.miamicarhire.com\/de\/wp-json\/wp\/v2\/comments?post=21268"}],"version-history":[{"count":3,"href":"https:\/\/www.miamicarhire.com\/de\/wp-json\/wp\/v2\/pages\/21268\/revisions"}],"predecessor-version":[{"id":21280,"href":"https:\/\/www.miamicarhire.com\/de\/wp-json\/wp\/v2\/pages\/21268\/revisions\/21280"}],"wp:featuredmedia":[{"embeddable":true,"href":"https:\/\/www.miamicarhire.com\/de\/wp-json\/wp\/v2\/media\/20697"}],"wp:attachment":[{"href":"https:\/\/www.miamicarhire.com\/de\/wp-json\/wp\/v2\/media?parent=21268"}],"curies":[{"name":"wp","href":"https:\/\/api.w.org\/{rel}","templated":true}]}}